{"id":5124,"date":"2025-08-01T13:58:57","date_gmt":"2025-08-01T10:58:57","guid":{"rendered":"https:\/\/varkaudenpuu.com\/datenschutzrichtlinie\/"},"modified":"2025-12-08T11:54:22","modified_gmt":"2025-12-08T09:54:22","slug":"datenschutzrichtlinie","status":"publish","type":"page","link":"https:\/\/varkaudenpuu.com\/de\/datenschutzrichtlinie\/","title":{"rendered":"Datenschutzrichtlinie"},"content":{"rendered":"\n<div class=\"wp-block-cover alignfull has-parallax has-custom-content-position is-position-bottom-center ylakuva\" style=\"min-height:552px;aspect-ratio:unset;\"><div class=\"wp-block-cover__image-background wp-image-4509 size-large has-parallax\" style=\"background-position:50% 50%;background-image:url(https:\/\/varkaudenpuu.medialuotsidemot2.fi\/wp-content\/uploads\/2025\/10\/shutterstock-2449465439-1024x683.jpg)\"><\/div><span aria-hidden=\"true\" class=\"wp-block-cover__background has-black-background-color has-background-dim-0 has-background-dim\"><\/span><div class=\"wp-block-cover__inner-container is-layout-constrained wp-block-cover-is-layout-constrained\">\n<p class=\"has-text-align-center has-large-font-size\"><\/p>\n\n\n\n<div class=\"wp-block-columns is-style-narrow has-white-background-color has-background is-layout-flex wp-container-core-columns-is-layout-9d6595d7 wp-block-columns-is-layout-flex\">\n<div class=\"wp-block-column is-layout-flow wp-block-column-is-layout-flow\">\n<h2 class=\"wp-block-heading has-text-align-center has-black-color has-text-color has-link-color wp-elements-b9b44cd35d87f2a1a7329c63efa8df75\">Datenschutzrichtlinie<\/h2>\n<\/div>\n<\/div>\n<\/div><\/div>\n\n\n\n<div class=\"wp-block-columns is-style-narrow has-white-background-color has-background is-layout-flex wp-container-core-columns-is-layout-9d6595d7 wp-block-columns-is-layout-flex\">\n<div class=\"wp-block-column is-layout-flow wp-block-column-is-layout-flow\">\n<p><strong>1. Verantwortlicher des Registers<\/strong><br>Varkauden Puu Oy<br>Unternehmens-ID: FI02081203<\/p>\n\n\n\n<p>Tel.: +358 40 0271 203<\/p>\n\n\n\n<p><strong>2. Kontaktperson f\u00fcr Angelegenheiten im Zusammenhang mit dem Register<\/strong><br>Timo Tenhunen<\/p>\n\n\n\n<p><a>myynti@varkaudenpuu.com<\/a><\/p>\n\n\n\n<p>+358 40 0271 203<\/p>\n\n\n\n<p><strong>3. Name des Registers<\/strong><br>Marketing- und Analyse-Register von $company<\/p>\n\n\n\n<p><strong>4. Zweck der Verarbeitung personenbezogener Daten<\/strong><br>Der Zweck des Registers besteht in der Pflege der Kundenbeziehung zwischen dem Verantwortlichen und dem Kunden sowie in Marketing und Kommunikation. Die Verwaltung des Registers und die Verarbeitung der Daten k\u00f6nnen an einen Kooperationspartner des Verantwortlichen ausgelagert werden, der sich zur Einhaltung dieser Registerbeschreibung verpflichtet hat.<\/p>\n\n\n\n<p><strong>5. Inhalt der im Register gespeicherten Daten<\/strong><br>Das Register kann folgende Informationen \u00fcber den Kunden enthalten:<br>\u2013 Name<br>\u2013 Telefonnummer<br>\u2013 Adresse<br>\u2013 E-Mail-Adresse<br>\u2013 Name und Unternehmens-ID der Organisation<br>\u2013 Kontaktprotokoll<\/p>\n\n\n\n<p><strong>6. Datenquellen gem\u00e4\u00df den Vorschriften<\/strong><br>Das Register wird aus dem Kundendatensystem des Verantwortlichen sowie aus dem Besucher-Tracking-Tool der Website, aus \u00f6ffentlich zug\u00e4nglichen Internetquellen und anderen \u00f6ffentlichen Quellen, sowohl kostenfreien als auch kostenpflichtigen, zusammengestellt.<\/p>\n\n\n\n<p><strong>7. Weitergabe von Daten gem\u00e4\u00df den Vorschriften<\/strong><br>Der Verantwortliche gibt Daten nicht an Dritte weiter, mit Ausnahme des in Punkt 4 genannten Kooperationspartners, sofern nicht Ma\u00dfnahmen finnischer Beh\u00f6rden dies erfordern.<\/p>\n\n\n\n<p><strong>8. \u00dcbermittlung von Daten au\u00dferhalb der EU oder des EWR<\/strong><br>Personenbezogene Daten werden grunds\u00e4tzlich nicht au\u00dferhalb der Europ\u00e4ischen Union oder des Europ\u00e4ischen Wirtschaftsraums \u00fcbermittelt.<\/p>\n\n\n\n<p><strong>9. Grunds\u00e4tze des Schutzes des Registers<\/strong><br>Personenbezogene Daten werden vertraulich behandelt. Das Datennetzwerk und die Ger\u00e4te des Verantwortlichen sowie m\u00f6glicher IT-Partner, auf denen sich das Register befindet, sind mit einer Firewall und anderen notwendigen technischen Ma\u00dfnahmen gesch\u00fctzt.<\/p>\n\n\n\n<p><strong>10. Cookies<\/strong><br>Auf den Seiten des Verantwortlichen k\u00f6nnen Cookies verwendet werden, um die Benutzererfahrung zu verbessern. Ein Cookie ist eine Textdatei, die beim Besuch der Website auf dem Computer des Nutzers gespeichert wird. Sie enth\u00e4lt Informationen und wird unter anderem zur Weiterentwicklung des Marketings und der Website genutzt. Cookies identifizieren den Nutzer nicht pers\u00f6nlich. Der Nutzer kann Cookies \u00fcber die Browsereinstellungen deaktivieren. Der Verantwortliche \u00fcbernimmt keine Garantie daf\u00fcr, dass die Website nach der Deaktivierung von Cookies ordnungsgem\u00e4\u00df funktioniert.<\/p>\n<\/div>\n<\/div>\n","protected":false},"excerpt":{"rendered":"<p>1. Verantwortlicher des RegistersVarkauden Puu OyUnternehmens-ID: FI02081203 Tel.: +358 40 0271 203 2. Kontaktperson f\u00fcr Angelegenheiten im Zusammenhang mit dem RegisterTimo Tenhunen myynti@varkaudenpuu.com +358 40 0271 203 3. Name des RegistersMarketing- und Analyse-Register von $company 4. Zweck der Verarbeitung personenbezogener DatenDer Zweck des Registers besteht in der Pflege der Kundenbeziehung zwischen dem Verantwortlichen und dem [&hellip;]<\/p>\n","protected":false},"author":1,"featured_media":0,"parent":0,"menu_order":9999,"comment_status":"closed","ping_status":"closed","template":"","meta":{"_acf_changed":false,"footnotes":""},"class_list":["post-5124","page","type-page","status-publish","hentry"],"acf":[],"aioseo_notices":[],"_links":{"self":[{"href":"https:\/\/varkaudenpuu.com\/de\/wp-json\/wp\/v2\/pages\/5124","targetHints":{"allow":["GET"]}}],"collection":[{"href":"https:\/\/varkaudenpuu.com\/de\/wp-json\/wp\/v2\/pages"}],"about":[{"href":"https:\/\/varkaudenpuu.com\/de\/wp-json\/wp\/v2\/types\/page"}],"author":[{"embeddable":true,"href":"https:\/\/varkaudenpuu.com\/de\/wp-json\/wp\/v2\/users\/1"}],"replies":[{"embeddable":true,"href":"https:\/\/varkaudenpuu.com\/de\/wp-json\/wp\/v2\/comments?post=5124"}],"version-history":[{"count":0,"href":"https:\/\/varkaudenpuu.com\/de\/wp-json\/wp\/v2\/pages\/5124\/revisions"}],"wp:attachment":[{"href":"https:\/\/varkaudenpuu.com\/de\/wp-json\/wp\/v2\/media?parent=5124"}],"curies":[{"name":"wp","href":"https:\/\/api.w.org\/{rel}","templated":true}]}}