{"id":5079,"date":"2025-10-22T10:47:30","date_gmt":"2025-10-22T07:47:30","guid":{"rendered":"https:\/\/varkaudenpuu.com\/werbung\/"},"modified":"2025-12-03T10:20:53","modified_gmt":"2025-12-03T08:20:53","slug":"werbung","status":"publish","type":"page","link":"https:\/\/varkaudenpuu.com\/de\/werbung\/","title":{"rendered":"Werbung"},"content":{"rendered":"\n<div class=\"wp-block-cover alignfull has-parallax has-custom-content-position is-position-bottom-center ylakuva\" style=\"min-height:552px;aspect-ratio:unset;\"><div class=\"wp-block-cover__image-background wp-image-4509 size-large has-parallax\" style=\"background-position:50% 50%;background-image:url(https:\/\/varkaudenpuu.com\/wp-content\/uploads\/2025\/10\/shutterstock-2449465439-1024x683.jpg)\"><\/div><span aria-hidden=\"true\" class=\"wp-block-cover__background has-black-background-color has-background-dim-0 has-background-dim\"><\/span><div class=\"wp-block-cover__inner-container is-layout-constrained wp-block-cover-is-layout-constrained\">\n<p class=\"has-text-align-center has-large-font-size\"><\/p>\n\n\n\n<div class=\"wp-block-columns is-style-narrow has-white-background-color has-background is-layout-flex wp-container-core-columns-is-layout-9d6595d7 wp-block-columns-is-layout-flex\">\n<div class=\"wp-block-column is-layout-flow wp-block-column-is-layout-flow\">\n<h2 class=\"wp-block-heading has-text-align-center has-black-color has-text-color has-link-color wp-elements-b6a28261bc4faaaf59a4f395ec54dc3c\">Initiativbewerbungen<\/h2>\n<\/div>\n<\/div>\n<\/div><\/div>\n\n\n\n<div class=\"wp-block-columns is-style-narrow has-background is-layout-flex wp-container-core-columns-is-layout-9d6595d7 wp-block-columns-is-layout-flex\" style=\"background-color:#ffffff00\">\n<div class=\"wp-block-column is-layout-flow wp-block-column-is-layout-flow\">\n<div class=\"wp-block-columns is-layout-flex wp-container-core-columns-is-layout-9d6595d7 wp-block-columns-is-layout-flex\">\n<div class=\"wp-block-column is-layout-flow wp-block-column-is-layout-flow\">\n<p>Sie k\u00f6nnen uns gerne eine Initiativbewerbung f\u00fcr die Stelle als Hobelwerkmitarbeitende(r) oder Hobelmaschinenbediener zusenden. Wir suchen verantwortungsbewusste, engagierte und proaktive Mitarbeitende, die unser internationales Team verst\u00e4rken m\u00f6chten.<\/p>\n\n\n\n<p>Bitte beachten Sie, dass wir nicht automatisch auf alle eingegangenen Initiativbewerbungen antworten. Sollten wir unter den Bewerbungen geeignete Kandidaten finden und eine freie Stelle verf\u00fcgbar sein, werden wir diese kontaktieren.<\/p>\n\n\n\n<p>Eine Initiativbewerbung ist f\u00fcr einen Zeitraum von sechs Monaten ab dem Datum der Einreichung g\u00fcltig. Mit der Einreichung einer Bewerbung erkl\u00e4ren Sie sich damit einverstanden, dass Ihre personenbezogenen Daten f\u00fcr die Dauer des Einstellungsverfahrens bzw. bei Initiativbewerbungen f\u00fcr maximal sechs Monate gespeichert werden. Alle Bewerbungen werden vertraulich behandelt.<\/p>\n\n\n\n<div class=\"wp-block-cover has-custom-content-position is-position-bottom-center rekrykuva\"><img loading=\"lazy\" decoding=\"async\" width=\"1024\" height=\"768\" class=\"wp-block-cover__image-background wp-image-4618 size-large\" alt=\"\" src=\"https:\/\/varkaudenpuu.com\/wp-content\/uploads\/2025\/10\/yhteiskuva-1024x768.jpg\" data-object-fit=\"cover\" srcset=\"https:\/\/varkaudenpuu.com\/wp-content\/uploads\/2025\/10\/yhteiskuva-1024x768.jpg 1024w, https:\/\/varkaudenpuu.com\/wp-content\/uploads\/2025\/10\/yhteiskuva-300x225.jpg 300w, https:\/\/varkaudenpuu.com\/wp-content\/uploads\/2025\/10\/yhteiskuva-768x576.jpg 768w, https:\/\/varkaudenpuu.com\/wp-content\/uploads\/2025\/10\/yhteiskuva-1536x1152.jpg 1536w, https:\/\/varkaudenpuu.com\/wp-content\/uploads\/2025\/10\/yhteiskuva.jpg 1824w\" sizes=\"auto, (max-width: 1024px) 100vw, 1024px\" \/><span aria-hidden=\"true\" class=\"wp-block-cover__background has-background-dim-0 has-background-dim\" style=\"background-color:#857871\"><\/span><div class=\"wp-block-cover__inner-container is-layout-constrained wp-block-cover-is-layout-constrained\">\n<div class=\"wp-block-columns has-white-background-color has-background is-layout-flex wp-container-core-columns-is-layout-9d6595d7 wp-block-columns-is-layout-flex\">\n<div class=\"wp-block-column is-layout-flow wp-block-column-is-layout-flow\">\n<h4 class=\"wp-block-heading has-text-align-center has-black-color has-text-color has-link-color wp-elements-0f6e494ffc1c9fb4d242636a3fdde0a1\">Join our professional crew<\/h4>\n<\/div>\n<\/div>\n<\/div><\/div>\n\n\n<script>\nvar gform;gform||(document.addEventListener(\"gform_main_scripts_loaded\",function(){gform.scriptsLoaded=!0}),document.addEventListener(\"gform\/theme\/scripts_loaded\",function(){gform.themeScriptsLoaded=!0}),window.addEventListener(\"DOMContentLoaded\",function(){gform.domLoaded=!0}),gform={domLoaded:!1,scriptsLoaded:!1,themeScriptsLoaded:!1,isFormEditor:()=>\"function\"==typeof InitializeEditor,callIfLoaded:function(o){return!(!gform.domLoaded||!gform.scriptsLoaded||!gform.themeScriptsLoaded&&!gform.isFormEditor()||(gform.isFormEditor()&&console.warn(\"The use of gform.initializeOnLoaded() is deprecated in the form editor context and will be removed in Gravity Forms 3.1.\"),o(),0))},initializeOnLoaded:function(o){gform.callIfLoaded(o)||(document.addEventListener(\"gform_main_scripts_loaded\",()=>{gform.scriptsLoaded=!0,gform.callIfLoaded(o)}),document.addEventListener(\"gform\/theme\/scripts_loaded\",()=>{gform.themeScriptsLoaded=!0,gform.callIfLoaded(o)}),window.addEventListener(\"DOMContentLoaded\",()=>{gform.domLoaded=!0,gform.callIfLoaded(o)}))},hooks:{action:{},filter:{}},addAction:function(o,r,e,t){gform.addHook(\"action\",o,r,e,t)},addFilter:function(o,r,e,t){gform.addHook(\"filter\",o,r,e,t)},doAction:function(o){gform.doHook(\"action\",o,arguments)},applyFilters:function(o){return gform.doHook(\"filter\",o,arguments)},removeAction:function(o,r){gform.removeHook(\"action\",o,r)},removeFilter:function(o,r,e){gform.removeHook(\"filter\",o,r,e)},addHook:function(o,r,e,t,n){null==gform.hooks[o][r]&&(gform.hooks[o][r]=[]);var d=gform.hooks[o][r];null==n&&(n=r+\"_\"+d.length),gform.hooks[o][r].push({tag:n,callable:e,priority:t=null==t?10:t})},doHook:function(r,o,e){var t;if(e=Array.prototype.slice.call(e,1),null!=gform.hooks[r][o]&&((o=gform.hooks[r][o]).sort(function(o,r){return o.priority-r.priority}),o.forEach(function(o){\"function\"!=typeof(t=o.callable)&&(t=window[t]),\"action\"==r?t.apply(null,e):e[0]=t.apply(null,e)})),\"filter\"==r)return e[0]},removeHook:function(o,r,t,n){var e;null!=gform.hooks[o][r]&&(e=(e=gform.hooks[o][r]).filter(function(o,r,e){return!!(null!=n&&n!=o.tag||null!=t&&t!=o.priority)}),gform.hooks[o][r]=e)}});\n<\/script>\n\n                <div class='gf_browser_gecko gform_wrapper gravity-theme gform-theme--no-framework' data-form-theme='gravity-theme' data-form-index='0' id='gform_wrapper_6' >\n                        <div class='gform_heading'>\n                            <h2 class=\"gform_title\">Werbung<\/h2>\n                            <p class='gform_description'><\/p>\n\t\t\t\t\t\t\t<p class='gform_required_legend'>\u201e<span class=\"gfield_required gfield_required_asterisk\">*<\/span>\u201c zeigt erforderliche Felder an<\/p>\n                        <\/div><form method='post' enctype='multipart\/form-data'  id='gform_6'  action='\/de\/wp-json\/wp\/v2\/pages\/5079' data-formid='6' novalidate><div class='gf_invisible ginput_recaptchav3'  data-tabindex='0'><input id=\"input_468d50bae207e0fbdde5a2d8103f56d1\" class=\"gfield_recaptcha_response\" type=\"hidden\" name=\"input_468d50bae207e0fbdde5a2d8103f56d1\" value=\"\"\/><\/div>\n                        <div class='gform-body gform_body'><div id='gform_fields_6' class='gform_fields top_label form_sublabel_below description_below validation_below'><div id=\"field_6_7\" class=\"gfield gfield--type-honeypot gform_validation_container field_sublabel_below gfield--has-description field_description_below field_validation_below gfield_visibility_visible\"  ><label class='form-label gfield_label gform-field-label' for='input_6_7'>URL<\/label><div class='ginput_container'><input name='input_7' id='input_6_7' type='text' value='' autocomplete='new-password'\/><\/div><div class='small text-muted gfield_description' id='gfield_description_6_7'>Dieses Feld dient zur Validierung und sollte nicht ver\u00e4ndert werden.<\/div><\/div><div id=\"field_6_1\" class=\"gfield gfield--type-text gfield--input-type-text gfield_contains_required field_sublabel_below gfield--no-description field_description_below field_validation_below gfield_visibility_visible\"  ><label class='form-label gfield_label gform-field-label' for='input_6_1'>Name<span class=\"gfield_required\"><span class=\"gfield_required gfield_required_asterisk\">*<\/span><\/span><\/label><div class='ginput_container ginput_container_text'><input name='input_1' id='input_6_1' type='text' value='' class='form-control'     aria-required=\"true\" aria-invalid=\"false\"   \/><\/div><\/div><div id=\"field_6_2\" class=\"gfield gfield--type-text gfield--input-type-text gfield--width-half field_sublabel_below gfield--no-description field_description_below field_validation_below gfield_visibility_visible\"  ><label class='form-label gfield_label gform-field-label' for='input_6_2'>Telefon<\/label><div class='ginput_container ginput_container_text'><input name='input_2' id='input_6_2' type='text' value='' class='form-control'      aria-invalid=\"false\"   \/><\/div><\/div><div id=\"field_6_5\" class=\"gfield gfield--type-email gfield--input-type-email gfield--width-half gfield_contains_required field_sublabel_below gfield--no-description field_description_below field_validation_below gfield_visibility_visible\"  ><label class='form-label gfield_label gform-field-label' for='input_6_5'>E-mail<span class=\"gfield_required\"><span class=\"gfield_required gfield_required_asterisk\">*<\/span><\/span><\/label><div class='ginput_container ginput_container_email'>\n                            <input name='input_5' id='input_6_5' autocomplete='email' type='email' value='' class='medium'    aria-required=\"true\" aria-invalid=\"false\"  \/>\n                        <\/div><\/div><div id=\"field_6_6\" class=\"gfield gfield--type-fileupload gfield--input-type-fileupload gfield--width-full field_sublabel_below gfield--no-description field_description_below field_validation_below gfield_visibility_visible\"  ><label class='form-label gfield_label gform-field-label' for='input_6_6'>Wieder aufnehmen<\/label><div class='ginput_container ginput_container_fileupload'><input type='hidden' name='MAX_FILE_SIZE' value='1317011456' \/><input name='input_6' id='input_6_6' type='file' class='large' aria-describedby=\"gfield_upload_rules_6_6\" onchange='javascript:gformValidateFileSize( this, 1317011456 );'  \/><span class='small text-muted gfield_description small text-muted gform_fileupload_rules' id='gfield_upload_rules_6_6'>Max. Dateigr\u00f6\u00dfe: 1 GB.<\/span><div class='alert alert-warning p-1 small gfield_description text-danger small list-unstyled validation_message gfield_text-danger small list-unstyled validation_message text-danger small list-unstyled validation_message--hidden-on-empty' id='live_text-danger small list-unstyled validation_message_6_6'><\/div> <\/div><\/div><div id=\"field_6_4\" class=\"gfield gfield--type-textarea gfield--input-type-textarea field_sublabel_below gfield--no-description field_description_below field_validation_below gfield_visibility_visible\"  ><label class='form-label gfield_label gform-field-label' for='input_6_4'>Eine kurze Geschichte \u00fcber sich selbst und Ihre berufliche Laufbahn<\/label><div class='ginput_container ginput_container_textarea'><textarea name='input_4' id='input_6_4' class='form-control textarea'      aria-invalid=\"false\"   rows='4' cols='50'><\/textarea><\/div><\/div><\/div><\/div>\n        <div class='gform-footer gform_footer top_label'> <input type='submit' id='gform_submit_button_6' class='gform_button btn btn-primary button' onclick='gform.submission.handleButtonClick(this);' data-submission-type='submit' value='Schicken'  \/> \n            <input type='hidden' class='gform_hidden' name='gform_submission_method' data-js='gform_submission_method_6' value='postback' \/>\n            <input type='hidden' class='gform_hidden' name='gform_theme' data-js='gform_theme_6' id='gform_theme_6' value='gravity-theme' \/>\n            <input type='hidden' class='gform_hidden' name='gform_style_settings' data-js='gform_style_settings_6' id='gform_style_settings_6' value='{&quot;inputPrimaryColor&quot;:&quot;#204ce5&quot;}' \/>\n            <input type='hidden' class='gform_hidden' name='is_submit_6' value='1' \/>\n            <input type='hidden' class='gform_hidden' name='gform_submit' value='6' \/>\n            \n            <input type='hidden' class='gform_hidden' name='gform_currency' data-currency='EUR' value='nltpVf5Ncr2JOgTJo\/1qU\/sybqMBKEQ26v5gzZ0nfjJS+JLaXbsPasrEVJ6soUkzvmQzoqexTXBfS99ibKUd1kOSHvPNcG+vrKhdDe+55GsVOz4=' \/>\n            <input type='hidden' class='gform_hidden' name='gform_unique_id' value='' \/>\n            <input type='hidden' class='gform_hidden' name='state_6' value='WyJbXSIsImNlYjNmOTZlN2RlYzQ5OTkxNWMxZWYwNTQyYTEyYzQyIl0=' \/>\n            <input type='hidden' autocomplete='off' class='gform_hidden' name='gform_target_page_number_6' id='gform_target_page_number_6' value='0' \/>\n            <input type='hidden' autocomplete='off' class='gform_hidden' name='gform_source_page_number_6' id='gform_source_page_number_6' value='1' \/>\n            <input type='hidden' name='gform_field_values' value='' \/>\n            \n        <\/div>\n                        <\/form>\n                        <\/div><script>\ngform.initializeOnLoaded( function() {gformInitSpinner( 6, 'data:image\/gif;base64,R0lGODlhAQABAIAAAAAAAP\/\/\/yH5BAEAAAAALAAAAAABAAEAAAIBRAA7', true );jQuery('#gform_ajax_frame_6').on('load',function(){var contents = jQuery(this).contents().find('*').html();var is_postback = contents.indexOf('GF_AJAX_POSTBACK') >= 0;if(!is_postback){return;}var form_content = jQuery(this).contents().find('#gform_wrapper_6');var is_confirmation = jQuery(this).contents().find('#gform_confirmation_wrapper_6').length > 0;var is_redirect = contents.indexOf('gformRedirect(){') >= 0;var is_form = form_content.length > 0 && ! is_redirect && ! is_confirmation;var mt = parseInt(jQuery('html').css('margin-top'), 10) + parseInt(jQuery('body').css('margin-top'), 10) + 100;if(is_form){jQuery('#gform_wrapper_6').html(form_content.html());if(form_content.hasClass('gform_validation_error')){jQuery('#gform_wrapper_6').addClass('gform_validation_error');} else {jQuery('#gform_wrapper_6').removeClass('gform_validation_error');}setTimeout( function() { \/* delay the scroll by 50 milliseconds to fix a bug in chrome *\/  }, 50 );if(window['gformInitDatepicker']) {gformInitDatepicker();}if(window['gformInitPriceFields']) {gformInitPriceFields();}var current_page = jQuery('#gform_source_page_number_6').val();gformInitSpinner( 6, 'data:image\/gif;base64,R0lGODlhAQABAIAAAAAAAP\/\/\/yH5BAEAAAAALAAAAAABAAEAAAIBRAA7', true );jQuery(document).trigger('gform_page_loaded', [6, current_page]);window['gf_submitting_6'] = false;}else if(!is_redirect){var confirmation_content = jQuery(this).contents().find('.GF_AJAX_POSTBACK').html();if(!confirmation_content){confirmation_content = contents;}jQuery('#gform_wrapper_6').replaceWith(confirmation_content);jQuery(document).trigger('gform_confirmation_loaded', [6]);window['gf_submitting_6'] = false;wp.a11y.speak(jQuery('#gform_confirmation_message_6').text());}else{jQuery('#gform_6').append(contents);if(window['gformRedirect']) {gformRedirect();}}jQuery(document).trigger(\"gform_pre_post_render\", [{ formId: \"6\", currentPage: \"current_page\", abort: function() { this.preventDefault(); } }]);        if (event && event.defaultPrevented) {                return;        }        const gformWrapperDiv = document.getElementById( \"gform_wrapper_6\" );        if ( gformWrapperDiv ) {            const visibilitySpan = document.createElement( \"span\" );            visibilitySpan.id = \"gform_visibility_test_6\";            gformWrapperDiv.insertAdjacentElement( \"afterend\", visibilitySpan );        }        const visibilityTestDiv = document.getElementById( \"gform_visibility_test_6\" );        let postRenderFired = false;        function triggerPostRender() {            if ( postRenderFired ) {                return;            }            postRenderFired = true;            gform.core.triggerPostRenderEvents( 6, current_page );            if ( visibilityTestDiv ) {                visibilityTestDiv.parentNode.removeChild( visibilityTestDiv );            }        }        function debounce( func, wait, immediate ) {            var timeout;            return function() {                var context = this, args = arguments;                var later = function() {                    timeout = null;                    if ( !immediate ) func.apply( context, args );                };                var callNow = immediate && !timeout;                clearTimeout( timeout );                timeout = setTimeout( later, wait );                if ( callNow ) func.apply( context, args );            };        }        const debouncedTriggerPostRender = debounce( function() {            triggerPostRender();        }, 200 );        if ( visibilityTestDiv && visibilityTestDiv.offsetParent === null ) {            const observer = new MutationObserver( ( mutations ) => {                mutations.forEach( ( mutation ) => {                    if ( mutation.type === 'attributes' && visibilityTestDiv.offsetParent !== null ) {                        debouncedTriggerPostRender();                        observer.disconnect();                    }                });            });            observer.observe( document.body, {                attributes: true,                childList: false,                subtree: true,                attributeFilter: [ 'style', 'class' ],            });        } else {            triggerPostRender();        }    } );} );\n<\/script>\n<\/div>\n<\/div>\n<\/div>\n<\/div>\n","protected":false},"excerpt":{"rendered":"<p>Sie k\u00f6nnen uns gerne eine Initiativbewerbung f\u00fcr die Stelle als Hobelwerkmitarbeitende(r) oder Hobelmaschinenbediener zusenden. Wir suchen verantwortungsbewusste, engagierte und proaktive Mitarbeitende, die unser internationales Team verst\u00e4rken m\u00f6chten. Bitte beachten Sie, dass wir nicht automatisch auf alle eingegangenen Initiativbewerbungen antworten. Sollten wir unter den Bewerbungen geeignete Kandidaten finden und eine freie Stelle verf\u00fcgbar sein, werden wir [&hellip;]<\/p>\n","protected":false},"author":1,"featured_media":0,"parent":0,"menu_order":0,"comment_status":"closed","ping_status":"closed","template":"","meta":{"_acf_changed":false,"footnotes":""},"class_list":["post-5079","page","type-page","status-publish","hentry"],"acf":[],"aioseo_notices":[],"_links":{"self":[{"href":"https:\/\/varkaudenpuu.com\/de\/wp-json\/wp\/v2\/pages\/5079","targetHints":{"allow":["GET"]}}],"collection":[{"href":"https:\/\/varkaudenpuu.com\/de\/wp-json\/wp\/v2\/pages"}],"about":[{"href":"https:\/\/varkaudenpuu.com\/de\/wp-json\/wp\/v2\/types\/page"}],"author":[{"embeddable":true,"href":"https:\/\/varkaudenpuu.com\/de\/wp-json\/wp\/v2\/users\/1"}],"replies":[{"embeddable":true,"href":"https:\/\/varkaudenpuu.com\/de\/wp-json\/wp\/v2\/comments?post=5079"}],"version-history":[{"count":0,"href":"https:\/\/varkaudenpuu.com\/de\/wp-json\/wp\/v2\/pages\/5079\/revisions"}],"wp:attachment":[{"href":"https:\/\/varkaudenpuu.com\/de\/wp-json\/wp\/v2\/media?parent=5079"}],"curies":[{"name":"wp","href":"https:\/\/api.w.org\/{rel}","templated":true}]}}