{"id":5035,"date":"2025-10-16T14:22:59","date_gmt":"2025-10-16T11:22:59","guid":{"rendered":"https:\/\/varkaudenpuu.com\/jatkos-oy\/"},"modified":"2025-12-03T09:56:20","modified_gmt":"2025-12-03T07:56:20","slug":"jatkos-oy","status":"publish","type":"page","link":"https:\/\/varkaudenpuu.com\/de\/jatkos-oy\/","title":{"rendered":"Jatkos Oy"},"content":{"rendered":"\n<div class=\"wp-block-cover alignfull has-parallax has-custom-content-position is-position-bottom-center ylakuva\" style=\"min-height:552px;aspect-ratio:unset;\"><div class=\"wp-block-cover__image-background wp-image-4509 size-large has-parallax\" style=\"background-position:50% 50%;background-image:url(https:\/\/varkaudenpuu.com\/wp-content\/uploads\/2025\/10\/shutterstock-2449465439-1024x683.jpg)\"><\/div><span aria-hidden=\"true\" class=\"wp-block-cover__background has-black-background-color has-background-dim-0 has-background-dim\"><\/span><div class=\"wp-block-cover__inner-container is-layout-constrained wp-block-cover-is-layout-constrained\">\n<p class=\"has-text-align-center has-large-font-size\"><\/p>\n\n\n\n<div class=\"wp-block-columns is-style-narrow has-white-background-color has-background is-layout-flex wp-container-core-columns-is-layout-9d6595d7 wp-block-columns-is-layout-flex\">\n<div class=\"wp-block-column is-layout-flow wp-block-column-is-layout-flow\">\n<h2 class=\"wp-block-heading has-text-align-center has-black-color has-text-color has-link-color wp-elements-a920bef71d2fad62b8f2d9e7d1073e06\"><strong>Nachhaltige Nutzung von Nebenerzeugnissen bei Jatkos Oy<\/strong><\/h2>\n<\/div>\n<\/div>\n<\/div><\/div>\n\n\n\n<div class=\"wp-block-columns is-style-narrow is-layout-flex wp-container-core-columns-is-layout-9d6595d7 wp-block-columns-is-layout-flex\">\n<div class=\"wp-block-column has-white-background-color has-background is-layout-flow wp-block-column-is-layout-flow\"><div class=\"image-and-text wp-block has-media-on-the-right\">\r\n<div class=\"row\">\r\n    <div class=\"col-12 col-md-5 image-col\">\r\n\r\n        <img loading=\"lazy\" decoding=\"async\" width=\"800\" height=\"450\" src=\"https:\/\/varkaudenpuu.com\/wp-content\/uploads\/2025\/10\/purupaalit-1024x576.jpg\" class=\"attachment-large size-large\" alt=\"\" srcset=\"https:\/\/varkaudenpuu.com\/wp-content\/uploads\/2025\/10\/purupaalit-1024x576.jpg 1024w, https:\/\/varkaudenpuu.com\/wp-content\/uploads\/2025\/10\/purupaalit-300x169.jpg 300w, https:\/\/varkaudenpuu.com\/wp-content\/uploads\/2025\/10\/purupaalit-768x432.jpg 768w, https:\/\/varkaudenpuu.com\/wp-content\/uploads\/2025\/10\/purupaalit-1536x864.jpg 1536w, https:\/\/varkaudenpuu.com\/wp-content\/uploads\/2025\/10\/purupaalit.jpg 1599w\" sizes=\"auto, (max-width: 800px) 100vw, 800px\" \/>    <\/div>\r\n\r\n    <div class=\"col-12 col-md-7 text-col\"><div class=\"acf-innerblocks-container\">\n\n<p class=\"has-black-color has-text-color has-link-color wp-elements-8ed94188c61abcb92eeff84558deee35\">Jatkos Oy ist ein Familienunternehmen, das eng mit Varkauden Puu Oy zusammenarbeitet und am selben Standort t\u00e4tig ist. Die Hauptaufgabe des Unternehmens besteht darin, die rund 100 m\u00b3 Hobelsp\u00e4ne, die t\u00e4glich als Nebenprodukt unserer Produktion anfallen, zu Ballen zu pressen und zu verkaufen. Der gr\u00f6\u00dfte Teil der Hobelsp\u00e4ne wird als Einstreu an landwirtschaftliche Betriebe verkauft und gelangen schlie\u00dflich als D\u00fcnger zur\u00fcck in die Natur.<\/p>\n\n\n\n<p class=\"has-black-color has-text-color has-link-color wp-elements-482b8061f79abf33406481012f646310\">Bei Jatkos werden die Sp\u00e4ne halbautomatisch zu Ballen gepresst, damit sie nicht zu fest gepresst werden. Dadurch lassen sich die Ballen leicht verteilen und sind benutzerfreundlich. Die Sp\u00e4ne werden in ca. 23 kg schweren Ballen verkauft, die sowohl palettenweise als auch einzeln erh\u00e4ltlich sind.<\/p>\n\n<\/div>\r\n<\/div>\r\n<\/div>\r\n<\/div>\n\n<div class=\"image-and-text wp-block has-media-on-the-left\">\r\n<div class=\"row\">\r\n    <div class=\"col-12 col-md-5 image-col\">\r\n\r\n        <img loading=\"lazy\" decoding=\"async\" width=\"800\" height=\"305\" src=\"https:\/\/varkaudenpuu.com\/wp-content\/uploads\/2025\/10\/kantikkaat-3-1024x390.jpg\" class=\"attachment-large size-large\" alt=\"\" srcset=\"https:\/\/varkaudenpuu.com\/wp-content\/uploads\/2025\/10\/kantikkaat-3-1024x390.jpg 1024w, https:\/\/varkaudenpuu.com\/wp-content\/uploads\/2025\/10\/kantikkaat-3-300x114.jpg 300w, https:\/\/varkaudenpuu.com\/wp-content\/uploads\/2025\/10\/kantikkaat-3-768x292.jpg 768w, https:\/\/varkaudenpuu.com\/wp-content\/uploads\/2025\/10\/kantikkaat-3.jpg 1200w\" sizes=\"auto, (max-width: 800px) 100vw, 800px\" \/>    <\/div>\r\n\r\n    <div class=\"col-12 col-md-7 text-col\"><div class=\"acf-innerblocks-container\">\n\n<h2 class=\"wp-block-heading has-black-color has-text-color has-link-color wp-elements-8d1fc23eca0bdeb45c7a792b88e93708\">Jatkos Oy minimiert Abfall<\/h2>\n\n\n\n<p>Durch die Umwandlung von Holznebenprodukten in wertvolle Sekund\u00e4rmaterialien tr\u00e4gt Jatkos zu einer Kreislaufwirtschaft bei, in der nichts verschwendet wird. Das Pressen von Hobelsp\u00e4nen ist ein hervorragendes Beispiel f\u00fcr die verantwortungsvolle Verwertung von Nebenprodukten in der Holzindustrie.<\/p>\n\n\n\n<p>Der geschlossene Kreislauf &#8211; von trockenen Holzsp\u00e4nen zu Tiereinstreu und weiter zur Anreicherung von verrottetem Boden &#8211; reduziert die Umweltbelastung und unterst\u00fctzt gleichzeitig nachhaltige Forst- und Landwirtschaftspraktiken. Die Verwendung von Holznebenprodukten tr\u00e4gt dazu bei, die Kohlenstoffemissionen zu senken und den bei der Herstellung von Hobelwaren anfallenden Abfall wirksam zu reduzieren.<\/p>\n\n\n\n<p class=\"has-black-color has-text-color has-link-color wp-elements-8c914ef677a0b727a39b5061665a161a\">Gemeinsam mit Varkauden Puu tr\u00e4gt Jatkos Oy zum Aufbau einer nachhaltigeren Zukunft bei!<\/p>\n\n<\/div>\r\n<\/div>\r\n<\/div>\r\n<\/div>\n\n\n<hr class=\"wp-block-separator has-text-color has-white-color has-alpha-channel-opacity has-white-background-color has-background\"\/>\n\n\n\n<hr class=\"wp-block-separator has-text-color has-white-color has-alpha-channel-opacity has-white-background-color has-background\"\/>\n<\/div>\n<\/div>\n\n\n\n<div class=\"wp-block-cover alignfull has-parallax is-style-default call-to-action\"><div class=\"wp-block-cover__image-background wp-image-4255 size-large has-parallax\" style=\"background-position:50% 50%;background-image:url(https:\/\/varkaudenpuu.com\/wp-content\/uploads\/2025\/10\/shutterstock-2300953211-1024x683.jpg)\"><\/div><span aria-hidden=\"true\" class=\"wp-block-cover__background has-black-background-color has-background-dim-20 has-background-dim\"><\/span><div class=\"wp-block-cover__inner-container is-layout-flow wp-block-cover-is-layout-flow\">\n<h2 class=\"wp-block-heading has-text-align-center has-white-color has-text-color\">Kauf von Ballen \u00fcber Varkauden Puu<\/h2>\n\n\n\n<p class=\"has-text-align-center\">F\u00fcr weitere Informationen \u00fcber die Produkte von Jatkos, Anfragen und Kaufoptionen wenden Sie sich bitte an Varkauden Puu.<\/p>\n\n\n\n<div class=\"wp-block-buttons mb-0 mt-3 is-content-justification-center is-layout-flex wp-container-core-buttons-is-layout-28206b41 wp-block-buttons-is-layout-flex\">\n<div class=\"wp-block-button is-style-fill\"><a class=\"wp-block-button__link wp-element-button\" href=\"https:\/\/varkaudenpuu.com\/de\/kontakt\/\">Kontaktieren Sie uns<\/a><\/div>\n<\/div>\n<\/div><\/div>\n","protected":false},"excerpt":{"rendered":"","protected":false},"author":1,"featured_media":0,"parent":0,"menu_order":0,"comment_status":"closed","ping_status":"closed","template":"","meta":{"_acf_changed":false,"footnotes":""},"class_list":["post-5035","page","type-page","status-publish","hentry"],"acf":[],"aioseo_notices":[],"_links":{"self":[{"href":"https:\/\/varkaudenpuu.com\/de\/wp-json\/wp\/v2\/pages\/5035","targetHints":{"allow":["GET"]}}],"collection":[{"href":"https:\/\/varkaudenpuu.com\/de\/wp-json\/wp\/v2\/pages"}],"about":[{"href":"https:\/\/varkaudenpuu.com\/de\/wp-json\/wp\/v2\/types\/page"}],"author":[{"embeddable":true,"href":"https:\/\/varkaudenpuu.com\/de\/wp-json\/wp\/v2\/users\/1"}],"replies":[{"embeddable":true,"href":"https:\/\/varkaudenpuu.com\/de\/wp-json\/wp\/v2\/comments?post=5035"}],"version-history":[{"count":0,"href":"https:\/\/varkaudenpuu.com\/de\/wp-json\/wp\/v2\/pages\/5035\/revisions"}],"wp:attachment":[{"href":"https:\/\/varkaudenpuu.com\/de\/wp-json\/wp\/v2\/media?parent=5035"}],"curies":[{"name":"wp","href":"https:\/\/api.w.org\/{rel}","templated":true}]}}