{"id":5028,"date":"2025-10-09T15:18:51","date_gmt":"2025-10-09T12:18:51","guid":{"rendered":"https:\/\/varkaudenpuu.com\/nachhaltigkeit\/"},"modified":"2025-12-03T09:53:41","modified_gmt":"2025-12-03T07:53:41","slug":"nachhaltigkeit","status":"publish","type":"page","link":"https:\/\/varkaudenpuu.com\/de\/nachhaltigkeit\/","title":{"rendered":"Nachhaltigkeit"},"content":{"rendered":"\n<div class=\"wp-block-cover alignfull has-parallax has-custom-content-position is-position-bottom-center ylakuva\" style=\"min-height:552px;aspect-ratio:unset;\"><div class=\"wp-block-cover__image-background wp-image-4388 size-large has-parallax\" style=\"background-position:50% 50%;background-image:url(https:\/\/varkaudenpuu.com\/wp-content\/uploads\/2025\/10\/shutterstock-1624157848-1024x682.jpg)\"><\/div><span aria-hidden=\"true\" class=\"wp-block-cover__background has-black-background-color has-background-dim-0 has-background-dim\"><\/span><div class=\"wp-block-cover__inner-container is-layout-constrained wp-block-cover-is-layout-constrained\">\n<p class=\"has-text-align-center has-large-font-size\"><\/p>\n\n\n\n<div class=\"wp-block-columns is-style-narrow has-white-background-color has-background is-layout-flex wp-container-core-columns-is-layout-9d6595d7 wp-block-columns-is-layout-flex\">\n<div class=\"wp-block-column is-layout-flow wp-block-column-is-layout-flow\">\n<h2 class=\"wp-block-heading has-text-align-center has-black-color has-text-color has-link-color wp-elements-9a840d1e9240a52b18932c748a9e9dc1\">Nachhaltigkeit bei Varkauden Puu<\/h2>\n\n\n\n<p class=\"has-text-align-center has-black-color has-text-color has-link-color wp-elements-d8dd7196d5f359ff45898765ae5998a1\">Bei Varkauden Puu glauben wir, dass jede Entscheidung ein Schritt in Richtung einer nachhaltigeren Zukunft ist. Unsere Wurzeln liegen in den Traditionen der Holzindustrie, aber unsere Zukunft beruht auf verantwortungsbewussten Entscheidungen f\u00fcr das Klima, f\u00fcr die Menschen und f\u00fcr unsere Gemeinschaft.<\/p>\n\n\n\n<p class=\"has-black-color has-text-color has-link-color wp-elements-9ac00cf961d1ea846fe5a532228b76c6\"><\/p>\n<\/div>\n<\/div>\n<\/div><\/div>\n\n\n\n<div class=\"wp-block-columns is-style-narrow is-layout-flex wp-container-core-columns-is-layout-9d6595d7 wp-block-columns-is-layout-flex\">\n<div class=\"wp-block-column is-layout-flow wp-block-column-is-layout-flow\"><div class=\"image-and-text wp-block has-media-on-the-right\">\r\n<div class=\"row\">\r\n    <div class=\"col-12 col-md-5 image-col\">\r\n\r\n        <img loading=\"lazy\" decoding=\"async\" width=\"800\" height=\"415\" src=\"https:\/\/varkaudenpuu.com\/wp-content\/uploads\/2025\/10\/shutterstock-2597106851-1024x531.jpg\" class=\"attachment-large size-large\" alt=\"\" srcset=\"https:\/\/varkaudenpuu.com\/wp-content\/uploads\/2025\/10\/shutterstock-2597106851-1024x531.jpg 1024w, https:\/\/varkaudenpuu.com\/wp-content\/uploads\/2025\/10\/shutterstock-2597106851-300x156.jpg 300w, https:\/\/varkaudenpuu.com\/wp-content\/uploads\/2025\/10\/shutterstock-2597106851-768x398.jpg 768w, https:\/\/varkaudenpuu.com\/wp-content\/uploads\/2025\/10\/shutterstock-2597106851-1536x796.jpg 1536w, https:\/\/varkaudenpuu.com\/wp-content\/uploads\/2025\/10\/shutterstock-2597106851-2048x1062.jpg 2048w\" sizes=\"auto, (max-width: 800px) 100vw, 800px\" \/>    <\/div>\r\n\r\n    <div class=\"col-12 col-md-7 text-col\"><div class=\"acf-innerblocks-container\">\n\n<h2 class=\"wp-block-heading\">Nachhaltige Holzindustrie &#8211; Eind\u00e4mmung des Klimawandels und Anpassung an seine Folgen<\/h2>\n\n\n\n<p>Holz ist der Kohlenstoffspeicher der Natur und eine der wirksamsten L\u00f6sungen zur Bek\u00e4mpfung des Klimawandels. Durch den sinnvollen Einsatz von Holz senken wir die CO2-Emissionen und schaffen langlebige Produkte, die den Kohlenstoff f\u00fcr Jahrzehnte binden.<\/p>\n\n\n\n<p>Seit 2022 verfolgen wir unsere CO2-Bilanz und haben uns ein ehrgeiziges Ziel gesetzt: Wir wollen unsere Emissionen bis 2035 um 80 % senken (im Vergleich zu 2022).<\/p>\n\n\n\n<p>Schon jetzt haben wir konkrete Schritte unternommen:<\/p>\n\n\n\n<ul class=\"wp-block-list\">\n<li>Vollst\u00e4ndige Umstellung auf emissionsfreien Strom<\/li>\n\n\n\n<li>Aktive Suche nach emissionsarmen Transportl\u00f6sungen<\/li>\n\n\n\n<li>Minimierung von Abf\u00e4llen durch Wiederverwendung von Produktionsnebenstr\u00f6men f\u00fcr neue Produkte und Energie<\/li>\n<\/ul>\n\n<\/div>\r\n<\/div>\r\n<\/div>\r\n<\/div>\n\n<div class=\"image-and-text wp-block has-media-on-the-left\">\r\n<div class=\"row\">\r\n    <div class=\"col-12 col-md-5 image-col\">\r\n\r\n        <img loading=\"lazy\" decoding=\"async\" width=\"800\" height=\"448\" src=\"https:\/\/varkaudenpuu.com\/wp-content\/uploads\/2025\/10\/shutterstock-2502021773-1024x574.jpg\" class=\"attachment-large size-large\" alt=\"\" srcset=\"https:\/\/varkaudenpuu.com\/wp-content\/uploads\/2025\/10\/shutterstock-2502021773-1024x574.jpg 1024w, https:\/\/varkaudenpuu.com\/wp-content\/uploads\/2025\/10\/shutterstock-2502021773-300x168.jpg 300w, https:\/\/varkaudenpuu.com\/wp-content\/uploads\/2025\/10\/shutterstock-2502021773-768x430.jpg 768w, https:\/\/varkaudenpuu.com\/wp-content\/uploads\/2025\/10\/shutterstock-2502021773-1536x861.jpg 1536w, https:\/\/varkaudenpuu.com\/wp-content\/uploads\/2025\/10\/shutterstock-2502021773-2048x1148.jpg 2048w\" sizes=\"auto, (max-width: 800px) 100vw, 800px\" \/>    <\/div>\r\n\r\n    <div class=\"col-12 col-md-7 text-col\"><div class=\"acf-innerblocks-container\">\n\n<h2 class=\"wp-block-heading has-large-font-size\">Ressourceneffizienz &#8211; Abfall in Wert verwandeln<\/h2>\n\n\n\n<p>Ressourceneffizienz ist das Kernst\u00fcck der nachhaltigen Holzindustrie. Bei uns wird kein St\u00fcck Holz verschwendet. Alle Restst\u00fccke, Sp\u00e4ne und Holzreste werden wiederverwendet, sodass jeder Kubikmeter Holz einen Mehrwert schafft.<\/p>\n\n\n\n<p>So entsteht ein intelligentes Modell der Kreislaufwirtschaft, bei dem anstelle von Abfall neue M\u00f6glichkeiten geschaffen werden: Rohstoffe, Energie und Produkte, die sowohl die Nachhaltigkeitsziele unserer Kunden als auch den gr\u00fcnen Wandel der gesamten Branche unterst\u00fctzen.<\/p>\n\n<\/div>\r\n<\/div>\r\n<\/div>\r\n<\/div>\n\n<div class=\"image-and-text wp-block has-media-on-the-right\">\r\n<div class=\"row\">\r\n    <div class=\"col-12 col-md-5 image-col\">\r\n\r\n        <img loading=\"lazy\" decoding=\"async\" width=\"800\" height=\"534\" src=\"https:\/\/varkaudenpuu.com\/wp-content\/uploads\/2025\/10\/shutterstock-2101641886-1024x683.jpg\" class=\"attachment-large size-large\" alt=\"\" srcset=\"https:\/\/varkaudenpuu.com\/wp-content\/uploads\/2025\/10\/shutterstock-2101641886-1024x683.jpg 1024w, https:\/\/varkaudenpuu.com\/wp-content\/uploads\/2025\/10\/shutterstock-2101641886-300x200.jpg 300w, https:\/\/varkaudenpuu.com\/wp-content\/uploads\/2025\/10\/shutterstock-2101641886-768x513.jpg 768w, https:\/\/varkaudenpuu.com\/wp-content\/uploads\/2025\/10\/shutterstock-2101641886-1536x1025.jpg 1536w, https:\/\/varkaudenpuu.com\/wp-content\/uploads\/2025\/10\/shutterstock-2101641886-2048x1367.jpg 2048w\" sizes=\"auto, (max-width: 800px) 100vw, 800px\" \/>    <\/div>\r\n\r\n    <div class=\"col-12 col-md-7 text-col\"><div class=\"acf-innerblocks-container\">\n\n<h2 class=\"wp-block-heading has-large-font-size\">Ein gesunder Arbeitsplatz hat eine Stimme, die geh\u00f6rt wird<\/h2>\n\n\n\n<p>Verantwortung bezieht sich nicht nur auf die Umwelt und die Produkte, sondern auch auf die Menschen. Wir bei Varkauden Puu glauben, dass eine florierende Arbeitsgemeinschaft die Grundlage f\u00fcr alles ist.<\/p>\n\n\n\n<p>Jeder verdient eine Stimme, die geh\u00f6rt wird. Wir legen Wert auf Flexibilit\u00e4t, Individualit\u00e4t und Gleichbehandlung unabh\u00e4ngig von der Herkunft. Wir m\u00f6chten, dass jedes Teammitglied das Gef\u00fchl hat, dass seine Arbeit von Bedeutung und Teil unserer gemeinsamen Geschichte ist.<\/p>\n\n<\/div>\r\n<\/div>\r\n<\/div>\r\n<\/div>\n\n<div class=\"image-and-text wp-block has-media-on-the-left\">\r\n<div class=\"row\">\r\n    <div class=\"col-12 col-md-5 image-col\">\r\n\r\n        <img loading=\"lazy\" decoding=\"async\" width=\"800\" height=\"534\" src=\"https:\/\/varkaudenpuu.com\/wp-content\/uploads\/2025\/10\/shutterstock-1811909263-1024x683.jpg\" class=\"attachment-large size-large\" alt=\"\" srcset=\"https:\/\/varkaudenpuu.com\/wp-content\/uploads\/2025\/10\/shutterstock-1811909263-1024x683.jpg 1024w, https:\/\/varkaudenpuu.com\/wp-content\/uploads\/2025\/10\/shutterstock-1811909263-300x200.jpg 300w, https:\/\/varkaudenpuu.com\/wp-content\/uploads\/2025\/10\/shutterstock-1811909263-768x512.jpg 768w, https:\/\/varkaudenpuu.com\/wp-content\/uploads\/2025\/10\/shutterstock-1811909263-1536x1024.jpg 1536w, https:\/\/varkaudenpuu.com\/wp-content\/uploads\/2025\/10\/shutterstock-1811909263-2048x1365.jpg 2048w\" sizes=\"auto, (max-width: 800px) 100vw, 800px\" \/>    <\/div>\r\n\r\n    <div class=\"col-12 col-md-7 text-col\"><div class=\"acf-innerblocks-container\">\n\n<h2 class=\"wp-block-heading has-large-font-size\">Ein vertrauensw\u00fcrdiger Partner &#8211; verantwortungsvolle Unternehmenskultur<\/h2>\n\n\n\n<p>Unsere Verantwortung erstreckt sich auf Kunden, Partner und die Gesellschaft im Allgemeinen. Vertrauen und Transparenz bilden die Grundlage f\u00fcr unsere langfristigen Beziehungen.<\/p>\n\n\n\n<p>Wir beteiligen uns aktiv an Industrie-Entwicklungsprojekten wie <em>KiertoKasvu<\/em>, das sich f\u00fcr die Verbesserung der Kreislaufwirtschaft und des nachhaltigen Wachstums einsetzt, und dem Programm <em>P\u00e4\u00e4st\u00f6laskennalla kohti hiilineutraliutta<\/em>, das die Berechnung von Emissionen f\u00fcr die Kohlenstoffneutralit\u00e4t nutzt. Wir sind ein Partner, dessen Gesch\u00e4ftst\u00e4tigkeit jeder Pr\u00fcfung standh\u00e4lt und mit dem der Aufbau einer nachhaltigen Zukunft sicher und zuverl\u00e4ssig ist.\u00a0<\/p>\n\n<\/div>\r\n<\/div>\r\n<\/div>\r\n<\/div>\n\n<div class=\"image-and-text wp-block has-media-on-the-right\">\r\n<div class=\"row\">\r\n    <div class=\"col-12 col-md-5 image-col\">\r\n\r\n        <img loading=\"lazy\" decoding=\"async\" width=\"800\" height=\"292\" src=\"https:\/\/varkaudenpuu.com\/wp-content\/uploads\/2025\/10\/shutterstock-1729217407-1024x374.jpg\" class=\"attachment-large size-large\" alt=\"\" srcset=\"https:\/\/varkaudenpuu.com\/wp-content\/uploads\/2025\/10\/shutterstock-1729217407-1024x374.jpg 1024w, https:\/\/varkaudenpuu.com\/wp-content\/uploads\/2025\/10\/shutterstock-1729217407-300x109.jpg 300w, https:\/\/varkaudenpuu.com\/wp-content\/uploads\/2025\/10\/shutterstock-1729217407-768x280.jpg 768w, https:\/\/varkaudenpuu.com\/wp-content\/uploads\/2025\/10\/shutterstock-1729217407-1536x560.jpg 1536w, https:\/\/varkaudenpuu.com\/wp-content\/uploads\/2025\/10\/shutterstock-1729217407-2048x747.jpg 2048w\" sizes=\"auto, (max-width: 800px) 100vw, 800px\" \/>    <\/div>\r\n\r\n    <div class=\"col-12 col-md-7 text-col\"><div class=\"acf-innerblocks-container\">\n\n<h2 class=\"wp-block-heading has-large-font-size\">Producer Herstellerverantwortung und EU-Verordnung zur Entwaldung<\/h2>\n\n\n\n<p>Wir halten uns vollst\u00e4ndig an die Meldepflichten zur Herstellerverantwortung und arbeiten \u00fcber die gesamte Lieferkette hinweg transparent.<\/p>\n\n\n\n<p>Wir nehmen auch die EU-Verordnung zur Abholzung von W\u00e4ldern ernst und stellen sicher, dass unser gesamtes Holz aus nachhaltigen, r\u00fcckverfolgbaren Quellen stammt. F\u00fcr uns ist eine verantwortungsvolle Beschaffung eine Selbstverst\u00e4ndlichkeit &#8211; das Holz, das wir f\u00fcr unsere Produkte verwenden, tr\u00e4gt nicht zur Abholzung von W\u00e4ldern bei, sondern unterst\u00fctzt eine nachhaltige Forstwirtschaft.<\/p>\n\n\n\n<p>Wir verwenden zertifiziertes nordisches, feink\u00f6rniges, kleinastiges Holz. Unsere Gesch\u00e4ftsleitung hat sich zu \u00f6kologisch und sozial nachhaltigem Handeln verpflichtet, und wir schaffen Bedingungen, die dies erm\u00f6glichen. Wir sind auch f\u00fcr die CE-Kennzeichnung zugelassen.<\/p>\n\n<\/div>\r\n<\/div>\r\n<\/div>\r\n<\/div>\n\n\n<hr class=\"wp-block-separator has-text-color has-white-color has-alpha-channel-opacity has-white-background-color has-background\"\/>\n<\/div>\n<\/div>\n\n\n\n<div class=\"wp-block-columns alignfull has-green-background-color has-background is-layout-flex wp-container-core-columns-is-layout-9d6595d7 wp-block-columns-is-layout-flex\">\n<div class=\"wp-block-column is-layout-flow wp-block-column-is-layout-flow\">\n<h3 class=\"wp-block-heading has-text-align-center has-white-color has-text-color has-link-color wp-elements-78396df8328a4bfd73d5970a1221994b\">Zertifikate stehen zum Download bereit:<\/h3>\n\n\n\n<p class=\"has-text-align-center has-white-color has-text-color has-link-color wp-elements-640d77de4d57d38a83e5907fee48b7b9\"><a href=\"https:\/\/varkaudenpuu.com\/wp-content\/uploads\/2025\/10\/fsc-sertifikaatti.pdf\" target=\"_blank\" rel=\"noopener\" title=\"\">FSC\u00ae-Produktkettenzertifikat (Chain of Custody)<\/a><\/p>\n\n\n\n<p class=\"has-text-align-center has-white-color has-text-color has-link-color wp-elements-860f109b603ed51ad6e9ea2e420ae53a\"><a href=\"https:\/\/varkaudenpuu.com\/wp-content\/uploads\/2025\/11\/pefc-certificate-11-2025-31122029.pdf\" target=\"_blank\" rel=\"noopener\" title=\"\">PEFC\u00ae-Produktkettenzertifikat (Chain of Custody)<\/a><\/p>\n\n\n\n<hr class=\"wp-block-separator has-text-color has-green-color has-alpha-channel-opacity has-green-background-color has-background\"\/>\n\n\n\n<div class=\"wp-block-columns is-style-narrow is-layout-flex wp-container-core-columns-is-layout-9d6595d7 wp-block-columns-is-layout-flex\">\n<div class=\"wp-block-column is-layout-flow wp-block-column-is-layout-flow\">\n<h4 class=\"wp-block-heading has-text-align-left has-white-color has-text-color has-link-color wp-elements-947eaa746d4337cca59b0da9be5ecebf\">FSC\u00ae-Zertifizierung<\/h4>\n\n\n\n<p class=\"has-white-color has-text-color has-link-color wp-elements-9b1771a59b7df90a0d4db54225ac4320\">Der Forest Stewardship Council\u00ae (FSC\u00ae) ist eine globale, gemeinn\u00fctzige Organisation, die sich f\u00fcr eine umweltvertr\u00e4gliche Waldbewirtschaftung \u00fcberall auf der Welt einsetzt. FSC\u00ae unterst\u00fctzt die UN-Ziele f\u00fcr nachhaltige Entwicklung. Die FSC\u00ae-Lizenznummer von Varkauden Puu lautet FSC-C175371.<\/p>\n\n\n\n<p class=\"has-white-color has-text-color has-link-color wp-elements-4563d347600af3c795086bac4e4cb5b0\">Unsere Personalgrunds\u00e4tze stehen allen Beteiligten zur Verf\u00fcgung und k\u00f6nnen hier eingesehen werden (in finnischer Sprache).<\/p>\n\n\n\n<div class=\"wp-block-buttons is-layout-flex wp-block-buttons-is-layout-flex\">\n<div class=\"wp-block-button\"><a class=\"wp-block-button__link wp-element-button\" href=\"https:\/\/fsc.org\/en\" target=\"_blank\" rel=\"noreferrer noopener\">Lesen Sie mehr<\/a><\/div>\n<\/div>\n<\/div>\n\n\n\n<div class=\"wp-block-column is-layout-flow wp-block-column-is-layout-flow\">\n<h4 class=\"wp-block-heading has-text-align-left has-white-color has-text-color has-link-color wp-elements-2619d0e77937ce96584027ddb4b5fa4f\">PEFC\u00ae-Zertifizierung<\/h4>\n\n\n\n<p class=\"has-white-color has-text-color has-link-color wp-elements-1a63015053955234caa40b7bca760372\">PEFC ist ein internationales Forstzertifizierungssystem, das eine \u00f6kologische, soziale und wirtschaftlich nachhaltige Forstwirtschaft f\u00f6rdert. Es garantiert den Unternehmen eine verantwortungsbewusste Herkunft des Holzes. Bei der Beschaffung von Holz folgen wir den PEFC-Grunds\u00e4tzen und alle unsere Produkte sind PEFC-zertifiziert.<\/p>\n\n\n\n<div class=\"wp-block-buttons is-layout-flex wp-block-buttons-is-layout-flex\">\n<div class=\"wp-block-button\"><a class=\"wp-block-button__link wp-element-button\" href=\"https:\/\/pefc.fi\/english\" target=\"_blank\" rel=\"noreferrer noopener\">Lesen Sie mehr<\/a><\/div>\n<\/div>\n<\/div>\n<\/div>\n<\/div>\n<\/div>\n\n\n\n<div class=\"wp-block-columns is-style-narrow is-layout-flex wp-container-core-columns-is-layout-9d6595d7 wp-block-columns-is-layout-flex\">\n<div class=\"wp-block-column is-layout-flow wp-block-column-is-layout-flow\"><div class=\"image-and-text wp-block has-media-on-the-left\">\r\n<div class=\"row\">\r\n    <div class=\"col-12 col-md-5 image-col\">\r\n\r\n        <img loading=\"lazy\" decoding=\"async\" width=\"800\" height=\"534\" src=\"https:\/\/varkaudenpuu.com\/wp-content\/uploads\/2025\/10\/shutterstock-2279647005-1024x683.jpg\" class=\"attachment-large size-large\" alt=\"\" srcset=\"https:\/\/varkaudenpuu.com\/wp-content\/uploads\/2025\/10\/shutterstock-2279647005-1024x683.jpg 1024w, https:\/\/varkaudenpuu.com\/wp-content\/uploads\/2025\/10\/shutterstock-2279647005-300x200.jpg 300w, https:\/\/varkaudenpuu.com\/wp-content\/uploads\/2025\/10\/shutterstock-2279647005-768x512.jpg 768w, https:\/\/varkaudenpuu.com\/wp-content\/uploads\/2025\/10\/shutterstock-2279647005-1536x1024.jpg 1536w, https:\/\/varkaudenpuu.com\/wp-content\/uploads\/2025\/10\/shutterstock-2279647005-2048x1365.jpg 2048w\" sizes=\"auto, (max-width: 800px) 100vw, 800px\" \/>    <\/div>\r\n\r\n    <div class=\"col-12 col-md-7 text-col\"><div class=\"acf-innerblocks-container\">\n\n<h2 class=\"wp-block-heading\">Das gute Gef\u00fchl von Holz &#8211; das Geschenk der Natur an den Menschen<\/h2>\n\n\n\n<p>Holz ist mehr als nur ein Baumaterial. Es ist ein nat\u00fcrlicher Beitrag f\u00fcr t\u00e4gliches Wohlbefinden. Die Forschung zeigt, dass Holz hilft, Stress abzubauen, die Luftqualit\u00e4t in Innenr\u00e4umen zu verbessern und eine Umgebung zu schaffen, in der man sich wohlf\u00fchlt.<\/p>\n\n\n\n<p>Deshalb sind unsere Produkte nicht nur f\u00fcr den Bau von langlebigen H\u00e4usern und R\u00e4umen konzipiert, sondern sie f\u00f6rdern auch Gesundheit und Wohlbefinden. Holz bietet W\u00e4rme, Authentizit\u00e4t und Langlebigkeit &#8211; Eigenschaften, die kein anderes Material erreichen kann.<\/p>\n\n<\/div>\r\n<\/div>\r\n<\/div>\r\n<\/div><\/div>\n<\/div>\n\n\n\n<div class=\"wp-block-cover alignfull has-parallax is-style-default call-to-action\"><div class=\"wp-block-cover__image-background wp-image-4255 size-large has-parallax\" style=\"background-position:50% 50%;background-image:url(https:\/\/varkaudenpuu.com\/wp-content\/uploads\/2025\/10\/shutterstock-2300953211-1024x683.jpg)\"><\/div><span aria-hidden=\"true\" class=\"wp-block-cover__background has-black-background-color has-background-dim-20 has-background-dim\"><\/span><div class=\"wp-block-cover__inner-container is-layout-flow wp-block-cover-is-layout-flow\">\n<h2 class=\"wp-block-heading has-text-align-center has-white-color has-text-color\">Sagen Sie uns, wonach Sie suchen, und fragen Sie nach unseren Dienstleistungen!<\/h2>\n\n\n\n<div class=\"wp-block-buttons mb-0 mt-3 is-content-justification-center is-layout-flex wp-container-core-buttons-is-layout-28206b41 wp-block-buttons-is-layout-flex\">\n<div class=\"wp-block-button is-style-fill\"><a class=\"wp-block-button__link wp-element-button\" href=\"https:\/\/varkaudenpuu.com\/de\/kontakt\/\">Kontakt<\/a><\/div>\n<\/div>\n<\/div><\/div>\n","protected":false},"excerpt":{"rendered":"<p>Zertifikate stehen zum Download bereit: FSC\u00ae-Produktkettenzertifikat (Chain of Custody) PEFC\u00ae-Produktkettenzertifikat (Chain of Custody) FSC\u00ae-Zertifizierung Der Forest Stewardship Council\u00ae (FSC\u00ae) ist eine globale, gemeinn\u00fctzige Organisation, die sich f\u00fcr eine umweltvertr\u00e4gliche Waldbewirtschaftung \u00fcberall auf der Welt einsetzt. FSC\u00ae unterst\u00fctzt die UN-Ziele f\u00fcr nachhaltige Entwicklung. Die FSC\u00ae-Lizenznummer von Varkauden Puu lautet FSC-C175371. Unsere Personalgrunds\u00e4tze stehen allen Beteiligten zur [&hellip;]<\/p>\n","protected":false},"author":1,"featured_media":0,"parent":0,"menu_order":0,"comment_status":"closed","ping_status":"closed","template":"","meta":{"_acf_changed":false,"footnotes":""},"class_list":["post-5028","page","type-page","status-publish","hentry"],"acf":[],"aioseo_notices":[],"_links":{"self":[{"href":"https:\/\/varkaudenpuu.com\/de\/wp-json\/wp\/v2\/pages\/5028","targetHints":{"allow":["GET"]}}],"collection":[{"href":"https:\/\/varkaudenpuu.com\/de\/wp-json\/wp\/v2\/pages"}],"about":[{"href":"https:\/\/varkaudenpuu.com\/de\/wp-json\/wp\/v2\/types\/page"}],"author":[{"embeddable":true,"href":"https:\/\/varkaudenpuu.com\/de\/wp-json\/wp\/v2\/users\/1"}],"replies":[{"embeddable":true,"href":"https:\/\/varkaudenpuu.com\/de\/wp-json\/wp\/v2\/comments?post=5028"}],"version-history":[{"count":0,"href":"https:\/\/varkaudenpuu.com\/de\/wp-json\/wp\/v2\/pages\/5028\/revisions"}],"wp:attachment":[{"href":"https:\/\/varkaudenpuu.com\/de\/wp-json\/wp\/v2\/media?parent=5028"}],"curies":[{"name":"wp","href":"https:\/\/api.w.org\/{rel}","templated":true}]}}