{"id":4981,"date":"2025-10-09T15:19:36","date_gmt":"2025-10-09T12:19:36","guid":{"rendered":"https:\/\/varkaudenpuu.com\/unternehmen\/"},"modified":"2025-12-03T09:39:47","modified_gmt":"2025-12-03T07:39:47","slug":"unternehmen","status":"publish","type":"page","link":"https:\/\/varkaudenpuu.com\/de\/unternehmen\/","title":{"rendered":"Unternehmen"},"content":{"rendered":"\n<div class=\"wp-block-cover alignfull has-parallax has-custom-content-position is-position-bottom-center ylakuva\" style=\"min-height:552px;aspect-ratio:unset;\"><div class=\"wp-block-cover__image-background wp-image-4282 size-large has-parallax\" style=\"background-position:50% 50%;background-image:url(https:\/\/varkaudenpuu.com\/wp-content\/uploads\/2025\/10\/shutterstock-2503370653-1024x449.jpg)\"><\/div><span aria-hidden=\"true\" class=\"wp-block-cover__background has-black-background-color has-background-dim-0 has-background-dim\"><\/span><div class=\"wp-block-cover__inner-container is-layout-constrained wp-block-cover-is-layout-constrained\">\n<p class=\"has-text-align-center has-large-font-size\"><\/p>\n\n\n\n<div class=\"wp-block-columns is-style-narrow has-white-background-color has-background is-layout-flex wp-container-core-columns-is-layout-9d6595d7 wp-block-columns-is-layout-flex\">\n<div class=\"wp-block-column is-layout-flow wp-block-column-is-layout-flow\">\n<h2 class=\"wp-block-heading has-text-align-center has-black-color has-text-color has-link-color wp-elements-d070381cb7c22bdef6e76d9a0e3035ff\">Varkauden Puu Oy &#8211; Spezialist f\u00fcr gehobelte Holzprodukte seit 1978<\/h2>\n\n\n\n<p class=\"has-black-color has-text-color has-link-color wp-elements-683b37ab59426c3426545b6861491ce6\">Varkauden Puu Oy ist ein finnisches Familienunternehmen mit \u00fcber 45 Jahren Erfahrung in der Holzverarbeitung. Wir haben uns auf die Herstellung von hochwertigen gehobelten Holzprodukten spezialisiert, wobei unser Schwerpunkt auf profilierten Holzleisten und dekorativen Innenverkleidungen liegt. Diese Produkte finden breite Anwendung in der Bauindustrie, beim Innenausbau, im Handwerk und in der Holzbearbeitung.<\/p>\n<\/div>\n<\/div>\n<\/div><\/div>\n\n\n\n<div class=\"wp-block-columns is-style-narrow is-layout-flex wp-container-core-columns-is-layout-9d6595d7 wp-block-columns-is-layout-flex\">\n<div class=\"wp-block-column has-white-background-color has-background is-layout-flow wp-block-column-is-layout-flow\"><div class=\"image-and-text wp-block has-media-on-the-left\">\r\n<div class=\"row\">\r\n    <div class=\"col-12 col-md-5 image-col\">\r\n\r\n        <img loading=\"lazy\" decoding=\"async\" width=\"800\" height=\"551\" src=\"https:\/\/varkaudenpuu.com\/wp-content\/uploads\/2025\/10\/avajaispaiva-ja-uudet-yrittajat-1024x705.jpeg\" class=\"attachment-large size-large\" alt=\"\" srcset=\"https:\/\/varkaudenpuu.com\/wp-content\/uploads\/2025\/10\/avajaispaiva-ja-uudet-yrittajat-1024x705.jpeg 1024w, https:\/\/varkaudenpuu.com\/wp-content\/uploads\/2025\/10\/avajaispaiva-ja-uudet-yrittajat-300x207.jpeg 300w, https:\/\/varkaudenpuu.com\/wp-content\/uploads\/2025\/10\/avajaispaiva-ja-uudet-yrittajat-768x529.jpeg 768w, https:\/\/varkaudenpuu.com\/wp-content\/uploads\/2025\/10\/avajaispaiva-ja-uudet-yrittajat-1536x1058.jpeg 1536w, https:\/\/varkaudenpuu.com\/wp-content\/uploads\/2025\/10\/avajaispaiva-ja-uudet-yrittajat-2048x1411.jpeg 2048w\" sizes=\"auto, (max-width: 800px) 100vw, 800px\" \/>    <\/div>\r\n\r\n    <div class=\"col-12 col-md-7 text-col\"><div class=\"acf-innerblocks-container\">\n\n<p class=\"has-black-color has-text-color has-link-color wp-elements-99e08c1628318e1d033cc9c033babcbe\">Das 1978 gegr\u00fcndete Unternehmen hat sich von einem kleinen Familienbetrieb zu einem internationalen Unternehmen entwickelt, das rund 50 Mitarbeitende besch\u00e4ftigt. Heute ist Varkauden Puu f\u00fcr seine Qualit\u00e4tsprodukte, seine Zuverl\u00e4ssigkeit und seine kundenorientierte Gesch\u00e4ftspolitik bekannt.<\/p>\n\n\n\n<p class=\"has-black-color has-text-color has-link-color wp-elements-3c30100e6314be79feeb045e0375c3af\">Unser Gr\u00fcnder, Timo Tenhunen, ist nicht nur als erfahrener Fachmann in der Holzindustrie anerkannt, sondern auch als aktiver Volleyball-Influencer. Die Werte des Volleyballsports &#8211; Teamwork, Disziplin, Fairplay und kontinuierliche Verbesserung &#8211; spiegeln sich in der Arbeitsweise von Varkauden Puu wider. Wir sind davon \u00fcberzeugt, dass die besten Ergebnisse aus Leidenschaft und Zusammenarbeit entstehen, sei es auf dem Spielfeld oder in der Produktion.<\/p>\n\n<\/div>\r\n<\/div>\r\n<\/div>\r\n<\/div>\n\n\n<hr class=\"wp-block-separator has-text-color has-white-color has-alpha-channel-opacity has-white-background-color has-background\"\/>\n\n\n<div class=\"image-and-text wp-block has-media-on-the-right\">\r\n<div class=\"row\">\r\n    <div class=\"col-12 col-md-5 image-col\">\r\n\r\n        <img loading=\"lazy\" decoding=\"async\" width=\"599\" height=\"1024\" src=\"https:\/\/varkaudenpuu.com\/wp-content\/uploads\/2025\/10\/3-timo-hoylaamassa-599x1024.jpg\" class=\"attachment-large size-large\" alt=\"\" srcset=\"https:\/\/varkaudenpuu.com\/wp-content\/uploads\/2025\/10\/3-timo-hoylaamassa-599x1024.jpg 599w, https:\/\/varkaudenpuu.com\/wp-content\/uploads\/2025\/10\/3-timo-hoylaamassa-175x300.jpg 175w, https:\/\/varkaudenpuu.com\/wp-content\/uploads\/2025\/10\/3-timo-hoylaamassa.jpg 658w\" sizes=\"auto, (max-width: 599px) 100vw, 599px\" \/>    <\/div>\r\n\r\n    <div class=\"col-12 col-md-7 text-col\"><div class=\"acf-innerblocks-container\">\n\n<h3 class=\"wp-block-heading\">Eine Geschichte von Wachstum und Entwicklung<\/h3>\n\n\n\n<p>In den ersten Jahren konzentrierte sich unsere Produktion auf ma\u00dfgeschneiderte Hobelarbeiten f\u00fcr Privatkunden, lokale Bauprojekte und kleine Spezialauftr\u00e4ge. Ein Gro\u00dfteil der Arbeit wurde an langen Arbeitstagen und am Abend von Hand erledigt. Damit war der Grundstein f\u00fcr das Wachstum des Unternehmens gelegt.<\/p>\n\n\n\n<p>In den 1990er Jahren machten wir einen gro\u00dfen Schritt nach vorn, indem wir mit dem Export nach Deutschland begannen, was uns die T\u00fcren zu den europ\u00e4ischen M\u00e4rkten \u00f6ffnete. Mit dieser Expansion kamen neue Anforderungen an die Qualit\u00e4t und Effizienz der Produktion &#8211; Herausforderungen, denen wir uns entschlossen stellten.<\/p>\n\n\n\n<p>Anfang der 2000er Jahre haben wir in Zusammenarbeit mit Weinig eine innovative Hobels\u00e4ge entwickelt, die in der Lage ist, Leisten in drei Schichten gleichzeitig zu profilieren. Diese Technologie hat unsere Produktionseffizienz revolutioniert und unsere Position als f\u00fchrender Hersteller von gehobeltem Holz gest\u00e4rkt.<\/p>\n\n<\/div>\r\n<\/div>\r\n<\/div>\r\n<\/div>\n\n\n<hr class=\"wp-block-separator has-text-color has-white-color has-alpha-channel-opacity has-white-background-color has-background\"\/>\n\n\n<div class=\"image-and-text wp-block has-media-on-the-left\">\r\n<div class=\"row\">\r\n    <div class=\"col-12 col-md-5 image-col\">\r\n\r\n        <img loading=\"lazy\" decoding=\"async\" width=\"800\" height=\"891\" src=\"https:\/\/varkaudenpuu.com\/wp-content\/uploads\/2025\/10\/teranteko-919x1024.jpg\" class=\"attachment-large size-large\" alt=\"\" srcset=\"https:\/\/varkaudenpuu.com\/wp-content\/uploads\/2025\/10\/teranteko-919x1024.jpg 919w, https:\/\/varkaudenpuu.com\/wp-content\/uploads\/2025\/10\/teranteko-269x300.jpg 269w, https:\/\/varkaudenpuu.com\/wp-content\/uploads\/2025\/10\/teranteko-768x856.jpg 768w, https:\/\/varkaudenpuu.com\/wp-content\/uploads\/2025\/10\/teranteko.jpg 1200w\" sizes=\"auto, (max-width: 800px) 100vw, 800px\" \/>    <\/div>\r\n\r\n    <div class=\"col-12 col-md-7 text-col\"><div class=\"acf-innerblocks-container\">\n\n<h3 class=\"wp-block-heading\">Flexible und verantwortungsbewusste Produktion<\/h3>\n\n\n\n<p>Heute ist unsere Produktion mit sechs modernen Weinig-Hobelanlagen mit fortschrittlicher Hydrotechnik ausgestattet. Unser hauseigener Werkzeugbau gew\u00e4hrleistet eine schnelle und pr\u00e4zise Fertigung von Sonderprofilen nach den Vorgaben unserer Kunden.<\/p>\n\n\n\n<p>Wir verarbeiten zertifizierte Rohstoffe zu j\u00e4hrlich \u00fcber 20 Millionen Laufmetern Formteilen. Alle Nebenprodukte werden sinnvoll verwertet. Restst\u00fccke werden zu neuen Rohlingen fingerverzinkt und sp\u00e4ter zu Leisten und Profilen speziell f\u00fcr lackierte Produkte verarbeitet. Holzsp\u00e4ne werden zu Ballen gepresst und zu Tiereinstreu verarbeitet, und Hackschnitzel werden als erneuerbares Heizmaterial verkauft.<\/p>\n\n<\/div>\r\n<\/div>\r\n<\/div>\r\n<\/div><\/div>\n<\/div>\n\n\n\n<div class=\"wp-block-columns alignfull kaksi-columnia is-layout-flex wp-container-core-columns-is-layout-9d6595d7 wp-block-columns-is-layout-flex\">\n<div class=\"wp-block-column is-vertically-aligned-center has-background is-layout-flow wp-block-column-is-layout-flow\" style=\"background-color:#003f28\">\n<h3 class=\"wp-block-heading has-white-color has-text-color has-link-color has-large-font-size wp-elements-8f352ddac0a7da3980bead6651b906c1\">Export Expertise and Customer Focus<\/h3>\n\n\n\n<p class=\"has-white-color has-text-color has-link-color wp-elements-07a779f401b41bd99e192d3da9db2896\">Appro<strong>Exportkompetenz und Kundenorientierung<\/strong><\/p>\n\n\n\n<p class=\"has-white-color has-text-color has-link-color wp-elements-3b0d2917046628839ecca2f0e5fea81d\">Etwa 95 % unserer Produktion wird nach \u00d6sterreich, ins Vereinigte K\u00f6nigreich, nach Deutschland und in die Niederlande exportiert, der Rest geht an den finnischen Markt. Zu unseren Kunden z\u00e4hlen:<\/p>\n\n\n\n<ul class=\"wp-block-list has-white-color has-text-color has-link-color wp-elements-ba68f4e787f13e82dc0aecd9d8356746\">\n<li>Gro\u00dfh\u00e4ndler in der Bauindustrie<\/li>\n\n\n\n<li>Lackierereien f\u00fcr Leisten<\/li>\n\n\n\n<li>M\u00f6bel- und Tischlereibetriebe<\/li>\n<\/ul>\n\n\n\n<p class=\"kaksi-columnia has-white-color has-text-color has-link-color wp-elements-24370a5dd3af1ebbb88ec1570c113351\">Wir bedienen auch die Verbraucher und bieten ihnen hochwertige, auf ihre individuellen Bed\u00fcrfnisse zugeschnittene Hobelwaren an.<\/p>\n<\/div>\n\n\n\n<div class=\"wp-block-column is-vertically-aligned-stretch has-background is-layout-flow wp-block-column-is-layout-flow\" style=\"background-color:#006941\">\n<h3 class=\"wp-block-heading has-white-color has-text-color has-link-color wp-elements-945ea10f445af502b679cf677e8912eb\">Warum sollten Sie Varkauden Puu Oy w\u00e4hlen?<\/h3>\n\n\n\n<p class=\"has-white-color has-text-color has-link-color wp-elements-324a3f10b3e7a0a66a24789b61bf8212\">\u2705 \u00dcber 45 Jahre Erfahrung mit gehobelten Holzprodukten<\/p>\n\n\n\n<p class=\"has-white-color has-text-color has-link-color wp-elements-f6f80d756a50e7f29d49e131c61863f9\">\u2705 Schnelle Lieferungen und kundenspezifische Profile<\/p>\n\n\n\n<p class=\"has-white-color has-text-color has-link-color wp-elements-84dac25fee16feb70e776d33d955b16f\">\u2705 Nachhaltige Produktion mit finnischen Rohstoffen\u00a0<\/p>\n\n\n\n<p class=\"has-white-color has-text-color has-link-color wp-elements-094b381ae1e242bf7629e97b69b90c79\">\u2705 Starkes Export-Know-how und vertrauensvolle Partnerschaften\u00a0<\/p>\n<\/div>\n<\/div>\n\n\n\n<div class=\"wp-block-columns alignfull has-light-gray-background-color has-background is-layout-flex wp-container-core-columns-is-layout-9d6595d7 wp-block-columns-is-layout-flex\">\n<div class=\"wp-block-column is-layout-flow wp-block-column-is-layout-flow\">\n<h3 class=\"wp-block-heading has-text-align-center\">In Zusammenarbeit<\/h3>\n\n\n\n<hr class=\"wp-block-separator has-alpha-channel-opacity\"\/>\n\n\n\n<p class=\"has-text-align-center\">Zu unseren Partnern geh\u00f6ren <a href=\"https:\/\/www.keitelegroup.fi\/en\/\">Keitele<\/a>, <a href=\"https:\/\/www.upmtimber.com\/\">UPM<\/a>, <a href=\"https:\/\/www.storaenso.com\/en\/\">Stora Enso<\/a> und <a href=\"https:\/\/www.pikatek.fi\/\">Pikatek<\/a>.<\/p>\n<\/div>\n<\/div>\n\n\n\n<div class=\"wp-block-cover alignfull has-parallax is-style-default call-to-action\"><div class=\"wp-block-cover__image-background wp-image-4255 size-large has-parallax\" style=\"background-position:50% 50%;background-image:url(https:\/\/varkaudenpuu.com\/wp-content\/uploads\/2025\/10\/shutterstock-2300953211-1024x683.jpg)\"><\/div><span aria-hidden=\"true\" class=\"wp-block-cover__background has-black-background-color has-background-dim-20 has-background-dim\"><\/span><div class=\"wp-block-cover__inner-container is-layout-flow wp-block-cover-is-layout-flow\">\n<h2 class=\"wp-block-heading has-text-align-center has-white-color has-text-color\">Setzen Sie sich mit uns in Verbindung und lassen Sie uns Ihnen helfen, die perfekte L\u00f6sung f\u00fcr Ihre Anforderungen zu finden.<\/h2>\n\n\n\n<p class=\"has-text-align-center\"><\/p>\n\n\n\n<div class=\"wp-block-buttons mb-0 mt-3 is-content-justification-center is-layout-flex wp-container-core-buttons-is-layout-28206b41 wp-block-buttons-is-layout-flex\">\n<div class=\"wp-block-button is-style-fill\"><a class=\"wp-block-button__link wp-element-button\" href=\"https:\/\/varkaudenpuu.com\/de\/kontakt\/\">Kontakt<\/a><\/div>\n<\/div>\n<\/div><\/div>\n","protected":false},"excerpt":{"rendered":"<p>Export Expertise and Customer Focus ApproExportkompetenz und Kundenorientierung Etwa 95 % unserer Produktion wird nach \u00d6sterreich, ins Vereinigte K\u00f6nigreich, nach Deutschland und in die Niederlande exportiert, der Rest geht an den finnischen Markt. Zu unseren Kunden z\u00e4hlen: Wir bedienen auch die Verbraucher und bieten ihnen hochwertige, auf ihre individuellen Bed\u00fcrfnisse zugeschnittene Hobelwaren an. Warum sollten [&hellip;]<\/p>\n","protected":false},"author":1,"featured_media":0,"parent":0,"menu_order":0,"comment_status":"closed","ping_status":"closed","template":"","meta":{"_acf_changed":false,"footnotes":""},"class_list":["post-4981","page","type-page","status-publish","hentry"],"acf":[],"aioseo_notices":[],"_links":{"self":[{"href":"https:\/\/varkaudenpuu.com\/de\/wp-json\/wp\/v2\/pages\/4981","targetHints":{"allow":["GET"]}}],"collection":[{"href":"https:\/\/varkaudenpuu.com\/de\/wp-json\/wp\/v2\/pages"}],"about":[{"href":"https:\/\/varkaudenpuu.com\/de\/wp-json\/wp\/v2\/types\/page"}],"author":[{"embeddable":true,"href":"https:\/\/varkaudenpuu.com\/de\/wp-json\/wp\/v2\/users\/1"}],"replies":[{"embeddable":true,"href":"https:\/\/varkaudenpuu.com\/de\/wp-json\/wp\/v2\/comments?post=4981"}],"version-history":[{"count":0,"href":"https:\/\/varkaudenpuu.com\/de\/wp-json\/wp\/v2\/pages\/4981\/revisions"}],"wp:attachment":[{"href":"https:\/\/varkaudenpuu.com\/de\/wp-json\/wp\/v2\/media?parent=4981"}],"curies":[{"name":"wp","href":"https:\/\/api.w.org\/{rel}","templated":true}]}}