{"id":4971,"date":"2025-08-01T14:42:32","date_gmt":"2025-08-01T11:42:32","guid":{"rendered":"https:\/\/varkaudenpuu.com\/titelseite\/"},"modified":"2025-12-05T15:15:52","modified_gmt":"2025-12-05T13:15:52","slug":"titelseite","status":"publish","type":"page","link":"https:\/\/varkaudenpuu.com\/de\/","title":{"rendered":"Titelseite"},"content":{"rendered":"\r\n\r\n<div class=\"swipercontainer\">\r\n\r\n        <div class=\"swiper contentswiper swiper-content-69f757e799807  alignfull ylaslider hero site-banner\">\r\n        <!-- Additional required wrapper -->\r\n        <div class=\"swiper-wrapper\">\r\n\r\n            \n\r\n<div class=\"swiper-slide\">\r\n    <div class=\"acf-innerblocks-container\">\n\n<div class=\"wp-block-cover alignfull is-light has-parallax has-custom-content-position is-position-bottom-center ylakuva\" style=\"min-height:552px;aspect-ratio:unset;\"><div class=\"wp-block-cover__image-background wp-image-4634 size-large has-parallax\" style=\"background-position:50% 50%;background-image:url(https:\/\/varkaudenpuu.com\/wp-content\/uploads\/2025\/10\/1-hoylaamo-80-luvulla-1-1024x680.jpg)\"><\/div><span aria-hidden=\"true\" class=\"wp-block-cover__background has-black-background-color has-background-dim-0 has-background-dim\"><\/span><div class=\"wp-block-cover__inner-container is-layout-constrained wp-block-cover-is-layout-constrained\">\n<p class=\"has-text-align-center has-large-font-size\"><\/p>\n\n\n\n<div class=\"wp-block-columns is-style-narrow has-white-background-color has-background is-layout-flex wp-container-core-columns-is-layout-9d6595d7 wp-block-columns-is-layout-flex\">\n<div class=\"wp-block-column is-layout-flow wp-block-column-is-layout-flow\">\n<h1 class=\"wp-block-heading has-text-align-center has-black-color has-text-color has-link-color wp-elements-8e15665fa5507a0697bdc38509ef20b6\"><strong>Langj\u00e4hrige Erfahrung mit hochwertiger Hobelware<\/strong><\/h1>\n\n\n\n<div class=\"wp-block-buttons is-content-justification-center is-layout-flex wp-container-core-buttons-is-layout-16018d1d wp-block-buttons-is-layout-flex\">\n<div class=\"wp-block-button\"><a class=\"wp-block-button__link wp-element-button\" href=\"https:\/\/varkaudenpuu.com\/de\/kontakt\/\">Kontakt<\/a><\/div>\n<\/div>\n\n\n\n<p class=\"has-text-align-center has-black-color has-text-color has-link-color wp-elements-846fd1e1129e63bc699c8d3df6682d0a\"><strong>Finnisches Know-how in der Herstellung von Hobelholz<\/strong><strong><\/strong><\/p>\n\n\n\n<p class=\"has-text-align-center has-black-color has-text-color has-link-color wp-elements-4cca8a6ae097ae526a08bfbe3d3eae63\">Varkauden Puu Oy ist ein zuverl\u00e4ssiger und erfahrener finnischer Hersteller von gehobelten Holzprodukten. Seit Jahrzehnten ist es unser Bestreben, qualitativ hochwertige Produkte sowohl f\u00fcr professionelle Bauunternehmen als auch f\u00fcr private Hausbesitzer anzubieten. Zu unseren Haupterzeugnissen geh\u00f6ren Leisten und dekorative Paneele sowie Sonderanfertigungen.<\/p>\n<\/div>\n<\/div>\n<\/div><\/div>\n\n<\/div><\/div>\n\n\r\n<div class=\"swiper-slide\">\r\n    <div class=\"acf-innerblocks-container\">\n\n<div class=\"wp-block-cover alignfull is-light has-parallax has-custom-content-position is-position-bottom-center ylakuva\" style=\"min-height:552px;aspect-ratio:unset;\"><div class=\"wp-block-cover__image-background wp-image-4954 size-full has-parallax\" style=\"background-position:50% 50%;background-image:url(https:\/\/varkaudenpuu.com\/wp-content\/uploads\/2025\/11\/kuorman-tekoa.png)\"><\/div><span aria-hidden=\"true\" class=\"wp-block-cover__background has-black-background-color has-background-dim-0 has-background-dim\"><\/span><div class=\"wp-block-cover__inner-container is-layout-constrained wp-block-cover-is-layout-constrained\">\n<p class=\"has-text-align-center has-large-font-size\"><\/p>\n\n\n\n<div class=\"wp-block-columns is-style-narrow has-white-background-color has-background is-layout-flex wp-container-core-columns-is-layout-9d6595d7 wp-block-columns-is-layout-flex\">\n<div class=\"wp-block-column is-layout-flow wp-block-column-is-layout-flow\">\n<h1 class=\"wp-block-heading has-text-align-center has-black-color has-text-color has-link-color wp-elements-8e15665fa5507a0697bdc38509ef20b6\"><strong>Langj\u00e4hrige Erfahrung mit hochwertiger Hobelware<\/strong><\/h1>\n\n\n\n<div class=\"wp-block-buttons is-content-justification-center is-layout-flex wp-container-core-buttons-is-layout-16018d1d wp-block-buttons-is-layout-flex\">\n<div class=\"wp-block-button\"><a class=\"wp-block-button__link wp-element-button\" href=\"https:\/\/varkaudenpuu.com\/de\/kontakt\/\">Kontakt<\/a><\/div>\n<\/div>\n\n\n\n<p class=\"has-text-align-center has-black-color has-text-color has-link-color wp-elements-846fd1e1129e63bc699c8d3df6682d0a\"><strong>Finnisches Know-how in der Herstellung von Hobelholz<\/strong><strong><\/strong><\/p>\n\n\n\n<p class=\"has-text-align-center has-black-color has-text-color has-link-color wp-elements-4cca8a6ae097ae526a08bfbe3d3eae63\">Varkauden Puu Oy ist ein zuverl\u00e4ssiger und erfahrener finnischer Hersteller von gehobelten Holzprodukten. Seit Jahrzehnten ist es unser Bestreben, qualitativ hochwertige Produkte sowohl f\u00fcr professionelle Bauunternehmen als auch f\u00fcr private Hausbesitzer anzubieten. Zu unseren Haupterzeugnissen geh\u00f6ren Leisten und dekorative Paneele sowie Sonderanfertigungen.<\/p>\n<\/div>\n<\/div>\n<\/div><\/div>\n\n<\/div><\/div>\n\n\r\n<div class=\"swiper-slide\">\r\n    <div class=\"acf-innerblocks-container\">\n\n<div class=\"wp-block-cover alignfull is-light has-parallax has-custom-content-position is-position-bottom-center ylakuva\" style=\"min-height:552px;aspect-ratio:unset;\"><div class=\"wp-block-cover__image-background wp-image-4957 size-full has-parallax\" style=\"background-position:50% 50%;background-image:url(https:\/\/varkaudenpuu.com\/wp-content\/uploads\/2025\/11\/raaka-aineen-pressutusta.png)\"><\/div><span aria-hidden=\"true\" class=\"wp-block-cover__background has-black-background-color has-background-dim-0 has-background-dim\"><\/span><div class=\"wp-block-cover__inner-container is-layout-constrained wp-block-cover-is-layout-constrained\">\n<p class=\"has-text-align-center has-large-font-size\"><\/p>\n\n\n\n<div class=\"wp-block-columns is-style-narrow has-white-background-color has-background is-layout-flex wp-container-core-columns-is-layout-9d6595d7 wp-block-columns-is-layout-flex\">\n<div class=\"wp-block-column is-layout-flow wp-block-column-is-layout-flow\">\n<h1 class=\"wp-block-heading has-text-align-center has-black-color has-text-color has-link-color wp-elements-8e15665fa5507a0697bdc38509ef20b6\"><strong>Langj\u00e4hrige Erfahrung mit hochwertiger Hobelware<\/strong><\/h1>\n\n\n\n<div class=\"wp-block-buttons is-content-justification-center is-layout-flex wp-container-core-buttons-is-layout-16018d1d wp-block-buttons-is-layout-flex\">\n<div class=\"wp-block-button\"><a class=\"wp-block-button__link wp-element-button\" href=\"https:\/\/varkaudenpuu.com\/de\/kontakt\/\">Kontakt<\/a><\/div>\n<\/div>\n\n\n\n<p class=\"has-text-align-center has-black-color has-text-color has-link-color wp-elements-846fd1e1129e63bc699c8d3df6682d0a\"><strong>Finnisches Know-how in der Herstellung von Hobelholz<\/strong><strong><\/strong><\/p>\n\n\n\n<p class=\"has-text-align-center has-black-color has-text-color has-link-color wp-elements-4cca8a6ae097ae526a08bfbe3d3eae63\">Varkauden Puu Oy ist ein zuverl\u00e4ssiger und erfahrener finnischer Hersteller von gehobelten Holzprodukten. Seit Jahrzehnten ist es unser Bestreben, qualitativ hochwertige Produkte sowohl f\u00fcr professionelle Bauunternehmen als auch f\u00fcr private Hausbesitzer anzubieten. Zu unseren Haupterzeugnissen geh\u00f6ren Leisten und dekorative Paneele sowie Sonderanfertigungen.<\/p>\n<\/div>\n<\/div>\n<\/div><\/div>\n\n<\/div><\/div>\n\n\r\n<div class=\"swiper-slide\">\r\n    <div class=\"acf-innerblocks-container\">\n\n<div class=\"wp-block-cover alignfull is-light has-parallax has-custom-content-position is-position-bottom-center ylakuva\" style=\"min-height:552px;aspect-ratio:unset;\"><div class=\"wp-block-cover__image-background wp-image-4637 size-large has-parallax\" style=\"background-position:50% 50%;background-image:url(https:\/\/varkaudenpuu.com\/wp-content\/uploads\/2025\/10\/4-l-listat-895x1024.jpg)\"><\/div><span aria-hidden=\"true\" class=\"wp-block-cover__background has-black-background-color has-background-dim-0 has-background-dim\"><\/span><div class=\"wp-block-cover__inner-container is-layout-constrained wp-block-cover-is-layout-constrained\">\n<p class=\"has-text-align-center has-large-font-size\"><\/p>\n\n\n\n<div class=\"wp-block-columns is-style-narrow has-white-background-color has-background is-layout-flex wp-container-core-columns-is-layout-9d6595d7 wp-block-columns-is-layout-flex\">\n<div class=\"wp-block-column is-layout-flow wp-block-column-is-layout-flow\">\n<h1 class=\"wp-block-heading has-text-align-center has-black-color has-text-color has-link-color wp-elements-8e15665fa5507a0697bdc38509ef20b6\"><strong>Langj\u00e4hrige Erfahrung mit hochwertiger Hobelware<\/strong><\/h1>\n\n\n\n<div class=\"wp-block-buttons is-content-justification-center is-layout-flex wp-container-core-buttons-is-layout-16018d1d wp-block-buttons-is-layout-flex\">\n<div class=\"wp-block-button\"><a class=\"wp-block-button__link wp-element-button\" href=\"https:\/\/varkaudenpuu.com\/de\/kontakt\/\">Kontakt<\/a><\/div>\n<\/div>\n\n\n\n<p class=\"has-text-align-center has-black-color has-text-color has-link-color wp-elements-846fd1e1129e63bc699c8d3df6682d0a\"><strong>Finnisches Know-how in der Herstellung von Hobelholz<\/strong><strong><\/strong><\/p>\n\n\n\n<p class=\"has-text-align-center has-black-color has-text-color has-link-color wp-elements-4cca8a6ae097ae526a08bfbe3d3eae63\">Varkauden Puu Oy ist ein zuverl\u00e4ssiger und erfahrener finnischer Hersteller von gehobelten Holzprodukten. Seit Jahrzehnten ist es unser Bestreben, qualitativ hochwertige Produkte sowohl f\u00fcr professionelle Bauunternehmen als auch f\u00fcr private Hausbesitzer anzubieten. Zu unseren Haupterzeugnissen geh\u00f6ren Leisten und dekorative Paneele sowie Sonderanfertigungen.<\/p>\n<\/div>\n<\/div>\n<\/div><\/div>\n\n<\/div><\/div>\n\n\r\n<div class=\"swiper-slide\">\r\n    <div class=\"acf-innerblocks-container\">\n\n<div class=\"wp-block-cover alignfull has-parallax has-custom-content-position is-position-bottom-center ylakuva\" style=\"min-height:552px;aspect-ratio:unset;\"><div class=\"wp-block-cover__image-background wp-image-4960 size-full has-parallax\" style=\"background-position:50% 50%;background-image:url(https:\/\/varkaudenpuu.com\/wp-content\/uploads\/2025\/11\/asiakasneuvottelu-scaled.png)\"><\/div><span aria-hidden=\"true\" class=\"wp-block-cover__background has-black-background-color has-background-dim-0 has-background-dim\"><\/span><div class=\"wp-block-cover__inner-container is-layout-constrained wp-block-cover-is-layout-constrained\">\n<p class=\"has-text-align-center has-large-font-size\"><\/p>\n\n\n\n<div class=\"wp-block-columns is-style-narrow has-white-background-color has-background is-layout-flex wp-container-core-columns-is-layout-9d6595d7 wp-block-columns-is-layout-flex\">\n<div class=\"wp-block-column is-layout-flow wp-block-column-is-layout-flow\">\n<h1 class=\"wp-block-heading has-text-align-center has-black-color has-text-color has-link-color wp-elements-8e15665fa5507a0697bdc38509ef20b6\"><strong>Langj\u00e4hrige Erfahrung mit hochwertiger Hobelware<\/strong><\/h1>\n\n\n\n<div class=\"wp-block-buttons is-content-justification-center is-layout-flex wp-container-core-buttons-is-layout-16018d1d wp-block-buttons-is-layout-flex\">\n<div class=\"wp-block-button\"><a class=\"wp-block-button__link wp-element-button\" href=\"https:\/\/varkaudenpuu.com\/de\/kontakt\/\">Kontakt<\/a><\/div>\n<\/div>\n\n\n\n<p class=\"has-text-align-center has-black-color has-text-color has-link-color wp-elements-846fd1e1129e63bc699c8d3df6682d0a\"><strong>Finnisches Know-how in der Herstellung von Hobelholz<\/strong><strong><\/strong><\/p>\n\n\n\n<p class=\"has-text-align-center has-black-color has-text-color has-link-color wp-elements-4cca8a6ae097ae526a08bfbe3d3eae63\">Varkauden Puu Oy ist ein zuverl\u00e4ssiger und erfahrener finnischer Hersteller von gehobelten Holzprodukten. Seit Jahrzehnten ist es unser Bestreben, qualitativ hochwertige Produkte sowohl f\u00fcr professionelle Bauunternehmen als auch f\u00fcr private Hausbesitzer anzubieten. Zu unseren Haupterzeugnissen geh\u00f6ren Leisten und dekorative Paneele sowie Sonderanfertigungen.<\/p>\n<\/div>\n<\/div>\n<\/div><\/div>\n\n<\/div><\/div>\n\n\r\n<div class=\"swiper-slide\">\r\n    <div class=\"acf-innerblocks-container\">\n\n<div class=\"wp-block-cover alignfull is-light has-parallax has-custom-content-position is-position-bottom-center ylakuva\" style=\"min-height:552px;aspect-ratio:unset;\"><div class=\"wp-block-cover__image-background wp-image-4963 size-full has-parallax\" style=\"background-position:50% 50%;background-image:url(https:\/\/varkaudenpuu.com\/wp-content\/uploads\/2025\/11\/1-hoyla.png)\"><\/div><span aria-hidden=\"true\" class=\"wp-block-cover__background has-black-background-color has-background-dim-0 has-background-dim\"><\/span><div class=\"wp-block-cover__inner-container is-layout-constrained wp-block-cover-is-layout-constrained\">\n<p class=\"has-text-align-center has-large-font-size\"><\/p>\n\n\n\n<div class=\"wp-block-columns is-style-narrow has-white-background-color has-background is-layout-flex wp-container-core-columns-is-layout-9d6595d7 wp-block-columns-is-layout-flex\">\n<div class=\"wp-block-column is-layout-flow wp-block-column-is-layout-flow\">\n<h1 class=\"wp-block-heading has-text-align-center has-black-color has-text-color has-link-color wp-elements-8e15665fa5507a0697bdc38509ef20b6\"><strong>Langj\u00e4hrige Erfahrung mit hochwertiger Hobelware<\/strong><\/h1>\n\n\n\n<div class=\"wp-block-buttons is-content-justification-center is-layout-flex wp-container-core-buttons-is-layout-16018d1d wp-block-buttons-is-layout-flex\">\n<div class=\"wp-block-button\"><a class=\"wp-block-button__link wp-element-button\" href=\"https:\/\/varkaudenpuu.com\/de\/kontakt\/\">Kontakt<\/a><\/div>\n<\/div>\n\n\n\n<p class=\"has-text-align-center has-black-color has-text-color has-link-color wp-elements-846fd1e1129e63bc699c8d3df6682d0a\"><strong>Finnisches Know-how in der Herstellung von Hobelholz<\/strong><strong><\/strong><\/p>\n\n\n\n<p class=\"has-text-align-center has-black-color has-text-color has-link-color wp-elements-4cca8a6ae097ae526a08bfbe3d3eae63\">Varkauden Puu Oy ist ein zuverl\u00e4ssiger und erfahrener finnischer Hersteller von gehobelten Holzprodukten. Seit Jahrzehnten ist es unser Bestreben, qualitativ hochwertige Produkte sowohl f\u00fcr professionelle Bauunternehmen als auch f\u00fcr private Hausbesitzer anzubieten. Zu unseren Haupterzeugnissen geh\u00f6ren Leisten und dekorative Paneele sowie Sonderanfertigungen.<\/p>\n<\/div>\n<\/div>\n<\/div><\/div>\n\n<\/div><\/div>\n\r\n\r\n        <\/div>\r\n        <!-- If we need pagination -->\r\n        \r\n    <\/div>\r\n    <!-- If we need navigation buttons -->\r\n    \r\n<\/div>\r\n\r\n\r\n\r\n\r\n\n\n\n<div class=\"wp-block-columns is-style-narrow is-layout-flex wp-container-core-columns-is-layout-9d6595d7 wp-block-columns-is-layout-flex\">\n<div class=\"wp-block-column etusivu-nostot is-layout-flow wp-block-column-is-layout-flow\">\n<div class=\"wp-block-columns is-layout-flex wp-container-core-columns-is-layout-9d6595d7 wp-block-columns-is-layout-flex\">\n<div class=\"wp-block-column has-white-background-color has-background is-layout-flow wp-block-column-is-layout-flow\"><div class=\"wp-block-image\">\n<figure class=\"aligncenter size-large is-resized\"><img loading=\"lazy\" decoding=\"async\" width=\"1024\" height=\"1024\" src=\"https:\/\/varkaudenpuu.com\/wp-content\/uploads\/2025\/10\/tuotteet-1024x1024.png\" alt=\"\" class=\"wp-image-4268\" style=\"aspect-ratio:1;object-fit:contain;width:150px\" srcset=\"https:\/\/varkaudenpuu.com\/wp-content\/uploads\/2025\/10\/tuotteet-1024x1024.png 1024w, https:\/\/varkaudenpuu.com\/wp-content\/uploads\/2025\/10\/tuotteet-300x300.png 300w, https:\/\/varkaudenpuu.com\/wp-content\/uploads\/2025\/10\/tuotteet-150x150.png 150w, https:\/\/varkaudenpuu.com\/wp-content\/uploads\/2025\/10\/tuotteet-768x768.png 768w, https:\/\/varkaudenpuu.com\/wp-content\/uploads\/2025\/10\/tuotteet.png 1042w\" sizes=\"auto, (max-width: 1024px) 100vw, 1024px\" \/><\/figure>\n<\/div>\n\n\n<h3 class=\"wp-block-heading has-text-align-center\"><strong>Produkte<\/strong><\/h3>\n\n\n\n<p class=\"has-text-align-center\">Wir fertigen Leisten in Standard- und kundenspezifischen Gr\u00f6\u00dfen<\/p>\n\n\n\n<div class=\"wp-block-buttons is-content-justification-center is-layout-flex wp-container-core-buttons-is-layout-16018d1d wp-block-buttons-is-layout-flex\">\n<div class=\"wp-block-button\"><a class=\"wp-block-button__link wp-element-button\" href=\"https:\/\/varkaudenpuu.com\/de\/produkte\/\">Mehr lesen<\/a><\/div>\n<\/div>\n<\/div>\n\n\n\n<div class=\"wp-block-column has-white-background-color has-background is-layout-flow wp-block-column-is-layout-flow\"><div class=\"wp-block-image\">\n<figure class=\"aligncenter size-large is-resized\"><img loading=\"lazy\" decoding=\"async\" width=\"1024\" height=\"1024\" src=\"https:\/\/varkaudenpuu.com\/wp-content\/uploads\/2025\/10\/vastuulisuus-1024x1024.png\" alt=\"\" class=\"wp-image-4266\" style=\"aspect-ratio:1;object-fit:contain;width:150px\" srcset=\"https:\/\/varkaudenpuu.com\/wp-content\/uploads\/2025\/10\/vastuulisuus-1024x1024.png 1024w, https:\/\/varkaudenpuu.com\/wp-content\/uploads\/2025\/10\/vastuulisuus-300x300.png 300w, https:\/\/varkaudenpuu.com\/wp-content\/uploads\/2025\/10\/vastuulisuus-150x150.png 150w, https:\/\/varkaudenpuu.com\/wp-content\/uploads\/2025\/10\/vastuulisuus-768x768.png 768w, https:\/\/varkaudenpuu.com\/wp-content\/uploads\/2025\/10\/vastuulisuus.png 1042w\" sizes=\"auto, (max-width: 1024px) 100vw, 1024px\" \/><\/figure>\n<\/div>\n\n\n<h3 class=\"wp-block-heading has-text-align-center\"><strong>Nachhaltigkeit<\/strong><\/h3>\n\n\n\n<p class=\"has-text-align-center\">Nachhaltige Praktiken sind der Kern unserer Unternehmenswerte. Dies zeigt sich in unseren t\u00e4glichen Abl\u00e4ufen, von der Auswahl der Rohstoffproduzenten bis hin zum Wohlbefinden unserer Mitarbeitenden.<\/p>\n\n\n\n<div class=\"wp-block-buttons is-content-justification-center is-layout-flex wp-container-core-buttons-is-layout-16018d1d wp-block-buttons-is-layout-flex\">\n<div class=\"wp-block-button\"><a class=\"wp-block-button__link wp-element-button\" href=\"https:\/\/varkaudenpuu.com\/de\/nachhaltigkeit\/\">Mehr lesen<\/a><\/div>\n<\/div>\n<\/div>\n\n\n\n<div class=\"wp-block-column has-white-background-color has-background is-layout-flow wp-block-column-is-layout-flow\"><div class=\"wp-block-image\">\n<figure class=\"aligncenter size-large is-resized\"><img loading=\"lazy\" decoding=\"async\" width=\"1024\" height=\"1024\" src=\"https:\/\/varkaudenpuu.com\/wp-content\/uploads\/2025\/10\/yritys-1024x1024.png\" alt=\"\" class=\"wp-image-4271\" style=\"aspect-ratio:1;object-fit:cover;width:150px\" srcset=\"https:\/\/varkaudenpuu.com\/wp-content\/uploads\/2025\/10\/yritys-1024x1024.png 1024w, https:\/\/varkaudenpuu.com\/wp-content\/uploads\/2025\/10\/yritys-300x300.png 300w, https:\/\/varkaudenpuu.com\/wp-content\/uploads\/2025\/10\/yritys-150x150.png 150w, https:\/\/varkaudenpuu.com\/wp-content\/uploads\/2025\/10\/yritys-768x768.png 768w, https:\/\/varkaudenpuu.com\/wp-content\/uploads\/2025\/10\/yritys.png 1042w\" sizes=\"auto, (max-width: 1024px) 100vw, 1024px\" \/><\/figure>\n<\/div>\n\n\n<h3 class=\"wp-block-heading has-text-align-center\"><strong>Unternehmen<\/strong><\/h3>\n\n\n\n<p class=\"has-text-align-center\">Varkauden Puu Oy ist ein zuverl\u00e4ssiger und professioneller Hersteller von Hobelwaren mit \u00fcber 45 Jahren Erfahrung.<\/p>\n\n\n\n<div class=\"wp-block-buttons is-content-justification-center is-layout-flex wp-container-core-buttons-is-layout-16018d1d wp-block-buttons-is-layout-flex\">\n<div class=\"wp-block-button\"><a class=\"wp-block-button__link wp-element-button\" href=\"https:\/\/varkaudenpuu.com\/yritys-tarina\/\">Mehr lesen<\/a><\/div>\n<\/div>\n<\/div>\n<\/div>\n\n\n<div class=\"image-and-text wp-block has-media-on-the-left\">\r\n<div class=\"row\">\r\n    <div class=\"col-12 col-md-5 image-col\">\r\n\r\n        <img loading=\"lazy\" decoding=\"async\" width=\"800\" height=\"915\" src=\"https:\/\/varkaudenpuu.com\/wp-content\/uploads\/2025\/10\/4-l-listat-895x1024.jpg\" class=\"attachment-large size-large\" alt=\"\" srcset=\"https:\/\/varkaudenpuu.com\/wp-content\/uploads\/2025\/10\/4-l-listat-895x1024.jpg 895w, https:\/\/varkaudenpuu.com\/wp-content\/uploads\/2025\/10\/4-l-listat-262x300.jpg 262w, https:\/\/varkaudenpuu.com\/wp-content\/uploads\/2025\/10\/4-l-listat-768x879.jpg 768w, https:\/\/varkaudenpuu.com\/wp-content\/uploads\/2025\/10\/4-l-listat.jpg 990w\" sizes=\"auto, (max-width: 800px) 100vw, 800px\" \/>    <\/div>\r\n\r\n    <div class=\"col-12 col-md-7 text-col\"><div class=\"acf-innerblocks-container\">\n\n<h2 class=\"wp-block-heading\"><strong>Lieferung nachhaltiger Hobelware f\u00fcr europ\u00e4ische M\u00e4rkte<\/strong><strong><\/strong><\/h2>\n\n\n\n<p>Wir verbinden unser Fachwissen in der Holzverarbeitung mit moderner und effizienter Produktionstechnologie, um eine Produktauswahl von h\u00f6chster Qualit\u00e4t liefern zu k\u00f6nnen. Unsere Produkte werden aus nachhaltig beschafften Materialien hergestellt, die langlebig und sch\u00f6n sind.<\/p>\n\n\n\n<p>Unsere Produkte und ma\u00dfgeschneiderten L\u00f6sungen stehen Kunden in ganz Finnland und im Ausland zur Verf\u00fcgung. Wir arbeiten eng mit unseren Kunden zusammen, um ihnen ein breites Produktangebot, hervorragenden Service, ma\u00dfgeschneiderte L\u00f6sungen und schnelle Lieferungen zu bieten.<\/p>\n\n<\/div>\r\n<\/div>\r\n<\/div>\r\n<\/div><\/div>\n<\/div>\n\n\n\n<div class=\"wp-block-cover alignfull has-parallax is-style-default call-to-action\"><div class=\"wp-block-cover__image-background wp-image-4255 size-large has-parallax\" style=\"background-position:50% 50%;background-image:url(https:\/\/varkaudenpuu.com\/wp-content\/uploads\/2025\/10\/shutterstock-2300953211-1024x683.jpg)\"><\/div><span aria-hidden=\"true\" class=\"wp-block-cover__background has-black-background-color has-background-dim-20 has-background-dim\"><\/span><div class=\"wp-block-cover__inner-container is-layout-flow wp-block-cover-is-layout-flow\">\n<h2 class=\"wp-block-heading has-text-align-center has-white-color has-text-color\"><strong>Kontaktieren Sie Varkauden Puu f\u00fcr ein Angebot<\/strong><\/h2>\n\n\n\n<p class=\"has-text-align-center\">Holen Sie sich langlebige, nachhaltige und sch\u00f6n verarbeitete Hobelwaren direkt vom Hersteller! Fordern Sie ein Angebot an oder kontaktieren Sie unser Vertriebsteam, um Ihre Projektanforderungen zu besprechen.<\/p>\n\n\n\n<div class=\"wp-block-buttons mb-0 mt-3 is-content-justification-center is-layout-flex wp-container-core-buttons-is-layout-28206b41 wp-block-buttons-is-layout-flex\">\n<div class=\"wp-block-button is-style-fill\"><a class=\"wp-block-button__link wp-element-button\" href=\"https:\/\/varkaudenpuu.com\/de\/kontakt\/\">Kontakt<\/a><\/div>\n<\/div>\n<\/div><\/div>\n","protected":false},"excerpt":{"rendered":"<p>Produkte Wir fertigen Leisten in Standard- und kundenspezifischen Gr\u00f6\u00dfen Nachhaltigkeit Nachhaltige Praktiken sind der Kern unserer Unternehmenswerte. Dies zeigt sich in unseren t\u00e4glichen Abl\u00e4ufen, von der Auswahl der Rohstoffproduzenten bis hin zum Wohlbefinden unserer Mitarbeitenden. Unternehmen Varkauden Puu Oy ist ein zuverl\u00e4ssiger und professioneller Hersteller von Hobelwaren mit \u00fcber 45 Jahren Erfahrung.<\/p>\n","protected":false},"author":1,"featured_media":0,"parent":0,"menu_order":1,"comment_status":"closed","ping_status":"closed","template":"","meta":{"_acf_changed":false,"footnotes":""},"class_list":["post-4971","page","type-page","status-publish","hentry"],"acf":[],"aioseo_notices":[],"_links":{"self":[{"href":"https:\/\/varkaudenpuu.com\/de\/wp-json\/wp\/v2\/pages\/4971","targetHints":{"allow":["GET"]}}],"collection":[{"href":"https:\/\/varkaudenpuu.com\/de\/wp-json\/wp\/v2\/pages"}],"about":[{"href":"https:\/\/varkaudenpuu.com\/de\/wp-json\/wp\/v2\/types\/page"}],"author":[{"embeddable":true,"href":"https:\/\/varkaudenpuu.com\/de\/wp-json\/wp\/v2\/users\/1"}],"replies":[{"embeddable":true,"href":"https:\/\/varkaudenpuu.com\/de\/wp-json\/wp\/v2\/comments?post=4971"}],"version-history":[{"count":0,"href":"https:\/\/varkaudenpuu.com\/de\/wp-json\/wp\/v2\/pages\/4971\/revisions"}],"wp:attachment":[{"href":"https:\/\/varkaudenpuu.com\/de\/wp-json\/wp\/v2\/media?parent=4971"}],"curies":[{"name":"wp","href":"https:\/\/api.w.org\/{rel}","templated":true}]}}